{"id":2684,"date":"2025-11-10T14:45:39","date_gmt":"2025-11-10T14:45:39","guid":{"rendered":"https:\/\/gevraise.com\/?page_id=2684"},"modified":"2025-11-10T14:56:29","modified_gmt":"2025-11-10T14:56:29","slug":"lemans","status":"publish","type":"page","link":"https:\/\/gevraise.com\/nl\/lemans\/","title":{"rendered":"Le Mans"},"content":{"rendered":"<p>[et_pb_section fb_built=\u00a0\u00bb1&Prime; _builder_version=\u00a0\u00bb4.21.0&Prime; _module_preset=\u00a0\u00bbdefault\u00a0\u00bb global_colors_info=\u00a0\u00bb{}\u00a0\u00bb][et_pb_row _builder_version=\u00a0\u00bb4.21.0&Prime; _module_preset=\u00a0\u00bbdefault\u00a0\u00bb global_colors_info=\u00a0\u00bb{}\u00a0\u00bb][et_pb_column type=\u00a0\u00bb4_4&Prime; _builder_version=\u00a0\u00bb4.21.0&Prime; _module_preset=\u00a0\u00bbdefault\u00a0\u00bb global_colors_info=\u00a0\u00bb{}\u00a0\u00bb][et_pb_text _builder_version=\u00a0\u00bb4.21.0&Prime; _module_preset=\u00a0\u00bbdefault\u00a0\u00bb global_colors_info=\u00a0\u00bb{}\u00a0\u00bb]<\/p>\n<h1><b>Le Mans - Circuit de la Sarthe<\/b><span style=\"font-weight: 400;\"><\/span><\/h1>\n<p>[\/et_pb_text][\/et_pb_column][\/et_pb_row][et_pb_row _builder_version=\u00a0\u00bb4.21.0&Prime; _module_preset=\u00a0\u00bbdefault\u00a0\u00bb min_height=\u00a0\u00bb35.2px\u00a0\u00bb custom_padding=\u00a0\u00bb0px||0px|||\u00a0\u00bb global_colors_info=\u00a0\u00bb{}\u00a0\u00bb][et_pb_column type=\u00a0\u00bb4_4&Prime; _builder_version=\u00a0\u00bb4.21.0&Prime; _module_preset=\u00a0\u00bbdefault\u00a0\u00bb global_colors_info=\u00a0\u00bb{}\u00a0\u00bb][et_pb_button button_url=\u00a0\u00bbhttps:\/\/gevraise.com\/contact\/\u00a0\u00bb button_text=\u00a0\u00bbContact\u00a0\u00bb _builder_version=\u00a0\u00bb4.21.0&Prime; _module_preset=\u00a0\u00bbdefault\u00a0\u00bb custom_padding=\u00a0\u00bb0px|||||\u00a0\u00bb global_colors_info=\u00a0\u00bb{}\u00a0\u00bb][\/et_pb_button][\/et_pb_column][\/et_pb_row][et_pb_row _builder_version=\u00a0\u00bb4.21.0&Prime; _module_preset=\u00a0\u00bbdefault\u00a0\u00bb min_height=\u00a0\u00bb1035.4px\u00a0\u00bb custom_padding=\u00a0\u00bb0px|||||\u00a0\u00bb global_colors_info=\u00a0\u00bb{}\u00a0\u00bb][et_pb_column type=\u00a0\u00bb4_4&Prime; _builder_version=\u00a0\u00bb4.21.0&Prime; _module_preset=\u00a0\u00bbdefault\u00a0\u00bb global_colors_info=\u00a0\u00bb{}\u00a0\u00bb][et_pb_text _builder_version=\u00a0\u00bb4.21.0&Prime; _module_preset=\u00a0\u00bbdefault\u00a0\u00bb min_height=\u00a0\u00bb957.4px\u00a0\u00bb global_colors_info=\u00a0\u00bb{}\u00a0\u00bb]<\/p>\n<p>&nbsp;<\/p>\n<hr \/>\n<p>&nbsp;<\/p>\n<h3><b>Uw ideale uitvalsbasis om de uitmuntendheid van Le Mans Racing te ervaren<\/b><b><\/b><b><\/b><\/h3>\n<p><b>Welkom bij Gevraise - Waar racepassie en comfort elkaar ontmoeten<\/b><\/p>\n<p><span style=\"font-weight: 400;\">Op slechts 50 minuten van het legendarische Circuit de la Sarthe biedt Gevraise de ideale locatie voor raceteams, liefhebbers en fans die op zoek zijn naar de perfecte combinatie van gemak en rust tijdens de Le Mans evenementen.<\/span><b><\/b><\/p>\n<h3><span style=\"font-weight: 400;\"><b>Waarom teams voor Gevraise kiezen<\/b><\/span><\/h3>\n<p><span style=\"font-weight: 400;\">Gevraise ligt in het hart van de Perche regio, dicht bij het circuit en toch een rustige plek om je terug te trekken van de intensiteit van het circuit. Of je hier nu bent voor de iconische 24 uur van Le Mans, testsessies of een van de vele race-evenementen, je vindt hier alles wat je nodig hebt om je te concentreren op prestaties.<\/span><\/p>\n<p><span style=\"font-weight: 400;\"><b>Strategische voordelen voor je team:<\/b><\/span><span style=\"font-weight: 400;\"><\/span><\/p>\n<ul>\n<li><span style=\"font-weight: 400;\">1.400 m\u00b2 grasparkeerterrein versterkt met beton (<\/span><span style=\"font-weight: 400;\">Parkeerspecificaties<\/span><span style=\"font-weight: 400;\">)<\/span><\/li>\n<li><span style=\"font-weight: 400;\">Ruime faciliteiten perfect voor teambriefings en strategiesessies<\/span><\/li>\n<li><span style=\"font-weight: 400;\">Rustige omgeving, ideaal voor rust en herstel tussen sessies door<\/span><\/li>\n<\/ul>\n<h3><b>Jouw thuis weg van huis<\/b><\/h3>\n<p><span style=\"font-weight: 400;\">Bij Gevraise begrijpen we de unieke behoeften van zowel motorsportprofessionals als gepassioneerde fans. We hebben een ruimte gecre\u00eberd waar racecultuur en Franse gastvrijheid elkaar ontmoeten - waar je tijdens het ontbijt rondetijden kunt analyseren, de actie van de dag in alle comfort kunt nabespreken en in alle rust de strategie voor morgen kunt plannen.<\/span><\/p>\n<p><span style=\"font-weight: 400;\">Of je nu deelneemt, supportert of gewoon je passie voor endurance racen beleeft, Gevraise biedt de basis voor een onvergetelijke ervaring op Le Mans.<\/span><\/p>\n<h3><span style=\"font-weight: 400;\"><b>Voor racefanaten<\/b><\/span><\/h3>\n<p><span style=\"font-weight: 400;\">Ervaar Le Mans zoals het hoort te zijn. Blijf dicht genoeg bij om de hartslag van de racegeschiedenis te voelen, maar toch ver genoeg weg om te genieten van de authentieke charme van het Franse platteland. Ontwaak uitgerust en klaar voor de racedag en keer na de geblokte vlag terug naar comfort.<\/span><\/p>\n<p><span style=\"font-weight: 400;\">Onze locatie biedt de authentieke Le Mans ervaring zonder concessies te doen aan gemak of kwaliteit. De gastvrije sfeer van Gevraise voegt een speciale dimensie toe aan je race-ervaring.<\/span><\/p>\n<p><b>Boek je verblijf en sluit je aan bij de racegemeenschap die Gevraise zijn thuis maakt tijdens het Le Mans seizoen.<\/b><\/p>\n<p><b>Neem vandaag nog contact met ons op om teamboekingen, groepsboekingen en seizoenspakketten te bespreken.<\/b><\/p>\n<p>[\/et_pb_text][et_pb_button button_url=\u00a0\u00bbhttps:\/\/gevraise.com\/contact\/\u00a0\u00bb button_text=\u00a0\u00bbContact\u00a0\u00bb _builder_version=\u00a0\u00bb4.21.0&Prime; _module_preset=\u00a0\u00bbdefault\u00a0\u00bb custom_padding=\u00a0\u00bb0px|||||\u00a0\u00bb global_colors_info=\u00a0\u00bb{}\u00a0\u00bb][\/et_pb_button][\/et_pb_column][\/et_pb_row][\/et_pb_section]<\/p>","protected":false},"excerpt":{"rendered":"<p>Le Mans \u2013 Circuit de la Sarthe&nbsp; &nbsp; Votre Base Id\u00e9ale pour Vivre l&rsquo;Excellence des Courses du Mans Bienvenue \u00e0 Gevraise \u2013 O\u00f9 la Passion de la Course Rencontre le Confort \u00c0 seulement 50 minutes du l\u00e9gendaire Circuit de la Sarthe, Gevraise offre l&#8217;emplacement id\u00e9al pour les \u00e9quipes de course, les passionn\u00e9s et les fans [&hellip;]<\/p>","protected":false},"author":1,"featured_media":0,"parent":0,"menu_order":0,"comment_status":"closed","ping_status":"closed","template":"","meta":{"_et_pb_use_builder":"on","_et_pb_old_content":"","_et_gb_content_width":"","footnotes":""},"class_list":["post-2684","page","type-page","status-publish","hentry"],"_links":{"self":[{"href":"https:\/\/gevraise.com\/nl\/wp-json\/wp\/v2\/pages\/2684","targetHints":{"allow":["GET"]}}],"collection":[{"href":"https:\/\/gevraise.com\/nl\/wp-json\/wp\/v2\/pages"}],"about":[{"href":"https:\/\/gevraise.com\/nl\/wp-json\/wp\/v2\/types\/page"}],"author":[{"embeddable":true,"href":"https:\/\/gevraise.com\/nl\/wp-json\/wp\/v2\/users\/1"}],"replies":[{"embeddable":true,"href":"https:\/\/gevraise.com\/nl\/wp-json\/wp\/v2\/comments?post=2684"}],"version-history":[{"count":3,"href":"https:\/\/gevraise.com\/nl\/wp-json\/wp\/v2\/pages\/2684\/revisions"}],"predecessor-version":[{"id":2702,"href":"https:\/\/gevraise.com\/nl\/wp-json\/wp\/v2\/pages\/2684\/revisions\/2702"}],"wp:attachment":[{"href":"https:\/\/gevraise.com\/nl\/wp-json\/wp\/v2\/media?parent=2684"}],"curies":[{"name":"wp","href":"https:\/\/api.w.org\/{rel}","templated":true}]}}