{"id":1697,"date":"2024-10-28T07:20:36","date_gmt":"2024-10-28T07:20:36","guid":{"rendered":"https:\/\/gevraise.com\/?page_id=1697"},"modified":"2025-02-03T01:26:36","modified_gmt":"2025-02-03T01:26:36","slug":"adresses-locales","status":"publish","type":"page","link":"https:\/\/gevraise.com\/nl\/location-privee\/adresses-locales\/","title":{"rendered":"Lokale adressen"},"content":{"rendered":"<p>[et_pb_section fb_built=\u00a0\u00bb1&Prime; admin_label=\u00a0\u00bbHeader\u00a0\u00bb _builder_version=\u00a0\u00bb4.21.0&Prime; use_background_color_gradient=\u00a0\u00bbon\u00a0\u00bb background_color_gradient_type=\u00a0\u00bbcircular\u00a0\u00bb background_color_gradient_direction_radial=\u00a0\u00bbtop left\u00a0\u00bb background_color_gradient_stops=\u00a0\u00bbrgba(255,255,255,0.89) 30%|rgba(255,255,255,0) 80%\u00a0\u00bb background_color_gradient_overlays_image=\u00a0\u00bbon\u00a0\u00bb background_color_gradient_start=\u00a0\u00bbrgba(255,255,255,0.89)\u00a0\u00bb background_color_gradient_start_position=\u00a0\u00bb30%\u00a0\u00bb background_color_gradient_end=\u00a0\u00bbrgba(255,255,255,0)\u00a0\u00bb background_color_gradient_end_position=\u00a0\u00bb80%\u00a0\u00bb background_image=\u00a0\u00bbhttps:\/\/gevraise.com\/wp-content\/uploads\/2024\/10\/Gevraise-Photo-2.webp\u00a0\u00bb module_alignment=\u00a0\u00bbleft\u00a0\u00bb min_height=\u00a0\u00bb75vh\u00a0\u00bb min_height_tablet=\u00a0\u00bb50vh\u00a0\u00bb min_height_phone=\u00a0\u00bb50vh\u00a0\u00bb min_height_last_edited=\u00a0\u00bbon|tablet\u00a0\u00bb height=\u00a0\u00bb75vh\u00a0\u00bb height_tablet=\u00a0\u00bb50vh\u00a0\u00bb height_phone=\u00a0\u00bb50vh\u00a0\u00bb height_last_edited=\u00a0\u00bbon|phone\u00a0\u00bb max_height=\u00a0\u00bb75vh\u00a0\u00bb max_height_tablet=\u00a0\u00bb50vh\u00a0\u00bb max_height_phone=\u00a0\u00bb50vh\u00a0\u00bb max_height_last_edited=\u00a0\u00bbon|phone\u00a0\u00bb custom_margin=\u00a0\u00bb|||\u00a0\u00bb custom_padding=\u00a0\u00bb8vw||8vw||true\u00a0\u00bb module_alignment_tablet=\u00a0\u00bbleft\u00a0\u00bb module_alignment_phone=\u00a0\u00bbleft\u00a0\u00bb module_alignment_last_edited=\u00a0\u00bbon|phone\u00a0\u00bb global_colors_info=\u00a0\u00bb{}\u00a0\u00bb][et_pb_row _builder_version=\u00a0\u00bb4.16&Prime; global_colors_info=\u00a0\u00bb{}\u00a0\u00bb][et_pb_column type=\u00a0\u00bb4_4&Prime; _builder_version=\u00a0\u00bb4.16&Prime; custom_padding=\u00a0\u00bb|||\u00a0\u00bb global_colors_info=\u00a0\u00bb{}\u00a0\u00bb custom_padding__hover=\u00a0\u00bb|||\u00a0\u00bb][et_pb_text _builder_version=\u00a0\u00bb4.21.0&Prime; text_font=\u00a0\u00bbAraboto||||||||\u00a0\u00bb header_line_height=\u00a0\u00bb1em\u00a0\u00bb header_5_text_color=\u00a0\u00bbgcid-b199c97b-4bc0-42dc-9dc3-0d89cfa1e059&Prime; animation_style=\u00a0\u00bbzoom\u00a0\u00bb animation_intensity_zoom=\u00a0\u00bb5%\u00a0\u00bb header_line_height_tablet=\u00a0\u00bb3.5em\u00a0\u00bb header_line_height_phone=\u00a0\u00bb1.5em\u00a0\u00bb header_line_height_last_edited=\u00a0\u00bbon|phone\u00a0\u00bb global_colors_info=\u00a0\u00bb{%22gcid-b199c97b-4bc0-42dc-9dc3-0d89cfa1e059%22:%91%22header_5_text_color%22,%22header_5_text_color%22%93}\u00a0\u00bb]<\/p>\n<h1>Lokale adressen<\/h1>\n<p>[\/et_pb_text][\/et_pb_column][\/et_pb_row][\/et_pb_section][et_pb_section fb_built=\u00a0\u00bb1&Prime; admin_label=\u00a0\u00bbAbout\u00a0\u00bb _builder_version=\u00a0\u00bb4.21.0&Prime; background_color=\u00a0\u00bbgcid-0b1c429e-f61d-4890-b003-51b44ca52443&Prime; custom_padding=\u00a0\u00bb||0px||false|false\u00a0\u00bb global_colors_info=\u00a0\u00bb{%22gcid-0b1c429e-f61d-4890-b003-51b44ca52443%22:%91%22background_color%22%93}\u00a0\u00bb][et_pb_row custom_padding_last_edited=\u00a0\u00bboff|desktop\u00a0\u00bb _builder_version=\u00a0\u00bb4.21.0&Prime; custom_padding=\u00a0\u00bb0px||0px||false|false\u00a0\u00bb custom_padding_tablet=\u00a0\u00bb|0px||0px||true\u00a0\u00bb global_colors_info=\u00a0\u00bb{}\u00a0\u00bb][et_pb_column type=\u00a0\u00bb4_4&Prime; _builder_version=\u00a0\u00bb4.16&Prime; custom_padding=\u00a0\u00bb|||\u00a0\u00bb global_colors_info=\u00a0\u00bb{}\u00a0\u00bb custom_padding__hover=\u00a0\u00bb|||\u00a0\u00bb][et_pb_text disabled_on=\u00a0\u00bbon|on|on\u00a0\u00bb _builder_version=\u00a0\u00bb4.21.0&Prime; text_font=\u00a0\u00bbAraboto||||||||\u00a0\u00bb text_text_color=\u00a0\u00bbgcid-98f51a20-5112-4a2b-9007-6078d2b0e364&Prime; text_line_height=\u00a0\u00bb2em\u00a0\u00bb header_font=\u00a0\u00bb||||||||\u00a0\u00bb header_2_font=\u00a0\u00bbRaleway|700|||||||\u00a0\u00bb header_2_font_size=\u00a0\u00bb50px\u00a0\u00bb header_2_line_height=\u00a0\u00bb1.2em\u00a0\u00bb header_6_font=\u00a0\u00bbRaleway|700||on|||||\u00a0\u00bb header_6_font_size=\u00a0\u00bb16px\u00a0\u00bb header_6_letter_spacing=\u00a0\u00bb5px\u00a0\u00bb header_6_line_height=\u00a0\u00bb1.8em\u00a0\u00bb max_width_last_edited=\u00a0\u00bboff|desktop\u00a0\u00bb module_alignment=\u00a0\u00bbcenter\u00a0\u00bb header_2_font_size_tablet=\u00a0\u00bb35px\u00a0\u00bb header_2_font_size_phone=\u00a0\u00bb25px\u00a0\u00bb header_2_font_size_last_edited=\u00a0\u00bbon|phone\u00a0\u00bb disabled=\u00a0\u00bbon\u00a0\u00bb global_colors_info=\u00a0\u00bb{%22gcid-98f51a20-5112-4a2b-9007-6078d2b0e364%22:%91%22text_text_color%22,%22text_text_color%22%93}\u00a0\u00bb]<\/p>\n<h3 style=\"text-align: center;\"><strong>Adresses et num\u00e9ros de t\u00e9l\u00e9phone locaux (30 minutes ou moins) :<\/strong><\/h3>\n<p>&nbsp;<\/p>\n<p><strong>ATM (distributeurs automatiques de billets)<\/strong><\/p>\n<ol>\n<li><strong>Caisse d\u2019Epargne<\/strong>: 48.27341785925769, 0.4594155081286071<br \/>Address: 45 Rue nationale, 72110 Saint-Cosme-en-Vairais, France<\/li>\n<li><strong>Cr\u00e9dit Agricole<\/strong>: 48.18754360504428, 0.6421043601542261<br \/>Address: 9 Pl. Victor Hugo, 72400 La Fert\u00e9-Bernard, France<\/li>\n<\/ol>\n<p><strong>Boulangerie<\/strong><\/p>\n<ol>\n<li><strong>Boulangerie Ange<\/strong>: 48.178679330498895, 0.6550922447344544<br \/>Address: 47 Av. du G\u00e9n\u00e9ral de Gaulle, 72400 La Fert\u00e9-Bernard, France<\/li>\n<li><strong>Aux Doux Delices<\/strong>: 48.32462080874747, 0.521141201493647<br \/>Address: 35 Rue du Mans, 61130 Ig\u00e9, France<\/li>\n<\/ol>\n<p><strong>Boucher<\/strong><\/p>\n<ol>\n<li><strong>Boucherie Eric Hubert<\/strong>: 48.32426707370289, 0.5199757105015905<br \/>Address: 29 Rue du Mans, 61130 Ig\u00e9, France<\/li>\n<li><strong>Boucherie Pissot<\/strong>: 48.173306724336165, 0.5952531431785382<br \/>Address: 11 Place de l&rsquo;\u00c9glise, 72400 Saint-Aubin-des-Coudrais, France<\/li>\n<\/ol>\n<p><strong>Fromagerie<\/strong><\/p>\n<ol>\n<li><strong>Au Bons From\u2019Toms<\/strong>: 48.198679854039995, 0.6427520655921961<br \/>Address: 2 Rue de l&rsquo;\u00c9guillon, 72400 La Fert\u00e9-Bernard, France<\/li>\n<li><strong>Botz Bernadette<\/strong>: 48.437379807900264, 0.8208726524500776<br \/>Address: 1 Rue des Moulins, 61110 R\u00e9malard-en-Perche, France<\/li>\n<\/ol>\n<p><strong>Dentiste<\/strong><\/p>\n<ol>\n<li><strong>Dr Man Waffai<\/strong>: 48.38564164791976, 0.6093855094135279<br \/>Telephone: +33233255146<br \/>Address: 21 Rue Boucicaut, 61130 Bell\u00eame, France<\/li>\n<li><strong>Dr Eduoard Duval<\/strong>: 48.27471042271525, 0.6526441728379365<br \/>Telephone: +33237496456<br \/>Address: Cabinet dentaire 2 impasse des 4 vents, 61260 Val-au-Perche, France<\/li>\n<\/ol>\n<p><strong>Docteur<\/strong><\/p>\n<ol>\n<li><strong>Dr Roberta Jianu<\/strong>: 48.29229474174462, 0.48716227503201726<br \/>Telephone: +33673960502<br \/>Address: 43 Rue nationale, 72110 Saint-Cosme-en-Vairais, France<\/li>\n<li><strong>Cabinet m\u00e9dical de Beaufay<\/strong>: 48.16557619734436, 0.4457733663463316<br \/>Telephone: +33285292920<br \/>Address: 23 Rue du Pav\u00e9, 72110 Beaufay, France<\/li>\n<\/ol>\n<p><strong>Coiffeur<\/strong><\/p>\n<ol>\n<li><strong>Manou Coif<\/strong>: 48.32490215911116, 0.520606406743583<br \/>Telephone: +33233832105<br \/>Address: 39 Rue du Mans, 61130 Ig\u00e9, France<\/li>\n<li><strong>Phanie Coiffure<\/strong>: 48.27845973962847, 0.48888820601047744<br \/>Telephone: +33243975609<br \/>Address: 80 Rue nationale, 72110 Saint-Cosme-en-Vairais, France<\/li>\n<\/ol>\n<p><strong>H\u00f4pitaux (d&rsquo;urgence et g\u00e9n\u00e9raux)<\/strong><\/p>\n<ol>\n<li><strong>Centre Hospitalier La Fert\u00e9 Bernard<\/strong>: 48.20301617680039, 0.534129479717704<br \/>Telephone: 02.43.71.61.17<br \/>Address: 56 Av. Pierre Br\u00fble, 72400 La Fert\u00e9-Bernard, France<\/li>\n<li><strong>Centre Hospitalier, Nogent-Le-Rotrou<\/strong>: 48.34831498297007, 0.9544340660888554<br \/>Telephone: +33237537575<br \/>Address: Av. de l&rsquo;Europe, 28400 Nogent-le-Rotrou, France<\/li>\n<\/ol>\n<p><strong>Massage<\/strong><\/p>\n<ol>\n<li><strong>Nymph\u00e9a D\u00e9tante<\/strong>: 48.32706328896841, 0.8408850771512241<br \/>Telephone: +33237530159<br \/>Address: 4 Rue Tochon, 28400 Nogent-le-Rotrou, France<\/li>\n<li><strong>Spa Belleza<\/strong>: 48.17407345107345, 0.6734635516593331<br \/>Address: 3 Rue louis Wagner, 72400 Cherr\u00e9-Au, France<\/li>\n<\/ol>\n<p><strong>Stations-service<\/strong><\/p>\n<ol>\n<li><strong>Total<\/strong>: 48.191902020267385, 0.6621439595658617<br \/>Address: 94-96 Av. de Verdun, 72400 La Fert\u00e9-Bernard, France<\/li>\n<li><strong>Station de service Leclerc<\/strong>: 48.17841920983268, 0.6642021792425075<br \/>Address: 1bis Rue Saint-Barth\u00e9l\u00e9my, 72400 La Fert\u00e9-Bernard, France<\/li>\n<\/ol>\n<p><strong>Pharmacie<\/strong><\/p>\n<ol>\n<li><strong>Pharmacy de Saint Cosme<\/strong>: 48.27688118930813, 0.4720473283118595<br \/>Address: 39 Rue nationale, 72110 Saint-Cosme-en-Vairais, France<\/li>\n<li><strong>Lhopitallier-Pouilhe<\/strong>: 48.28396395400108, 0.6237959830749552<br \/>Address: 14 Pl. Pierre Veau, 61130 Saint-Germain-de-la-Coudre, France<\/li>\n<\/ol>\n<p><strong>Poste de Police<\/strong><\/p>\n<ol>\n<li><strong>Gendarmerie Nationale<\/strong>: 48.26680588038539, 0.6765921484690791<br \/>Address: 62 Av. des Loges, 61260 Val-au-Perche, France<\/li>\n<li><strong>Gendarmerie Nationale<\/strong>: 48.379688920746084, 0.5846750735886279<br \/>Address: route De Mortagne, 61130 Bell\u00eame, France<\/li>\n<\/ol>\n<p><strong>La Poste<\/strong><\/p>\n<ol>\n<li><strong>Post Office Relay<\/strong>: 48.277597711146264, 0.4875146558161182<br \/>Address: TABAC PRESSE AURELIE GRISON, 51 Rue nationale, 72110 Saint-Cosme-en-Vairais, France<\/li>\n<li><strong>La Poste<\/strong>: 48.18722854783692, 0.6541680286050506<br \/>Address: 21 Rue Denfert Rochereau, 72400 La Fert\u00e9-Bernard, France<\/li>\n<\/ol>\n<p><strong>Supermarch\u00e9s<\/strong><\/p>\n<ol>\n<li><strong>E Leclerc<\/strong>: 48.17922082525824, 0.6808578669690757<br \/>Address: 49 Rte de Saint Calais, 72400 Cherr\u00e9-Au, France<\/li>\n<li><strong>Intermarch\u00e9<\/strong>: 48.345167378680244, 0.35087600800785823<br \/>Address: Route de la Fert\u00e9 Bernard, 72600 Saint-R\u00e9my-des-Monts, France<\/li>\n<\/ol>\n<p><strong>Tabac<\/strong><\/p>\n<ol>\n<li><strong>Bar des Sports<\/strong>: 48.324155724499995, 0.5197961616229235<br \/>Address: 27 Rue du Mans, 61130 Ig\u00e9, France<\/li>\n<li><strong>Bistrot du Perche<\/strong>: 48.28284653649187, 0.6180343721185073<br \/>Address: 2 Pl. Pierre Veau, 61130 Saint-Germain-de-la-Coudre, France<\/li>\n<\/ol>\n<p><strong>V\u00e9t\u00e9rinaire<\/strong><\/p>\n<ol>\n<li><strong>Centre V\u00e9t\u00e9rinaire<\/strong>: 48.18819074575684, 0.6556538535731423<br \/>Telephone: +33243930018<br \/>Address: 15 Rue Jean Courtois, 72400 La Fert\u00e9-Bernard, France<\/li>\n<li><strong>Veterinaires de l\u2019Arche<\/strong>: 48.28213897396949, 0.5043930071792067<br \/>Telephone: +33243975540<br \/>Address: 5 Rue du Perche, 72110 Saint-Cosme-en-Vairais, France<\/li>\n<\/ol>\n<p><strong>Vins<\/strong><\/p>\n<ol>\n<li><strong>Le Cellier<\/strong>: 48.187980783708326, 0.6659252711384229<br \/>Address: 17 Rue Carnot, 72400 La Fert\u00e9-Bernard, France<\/li>\n<li><strong>Le 47 de la Cave du Perche<\/strong>: 48.325102174178134, 0.8370098423470034<br \/>Address: 47 Rue Villette G\u00e2te, 28400 Nogent-le-Rotrou, France<\/li>\n<\/ol>\n<p>[\/et_pb_text][et_pb_text _builder_version=\u00a0\u00bb4.21.0&Prime; _module_preset=\u00a0\u00bbdefault\u00a0\u00bb global_colors_info=\u00a0\u00bb{}\u00a0\u00bb]<\/p>\n<h2 style=\"text-align: center;\"><strong>Handel en diensten<\/strong><\/h2>\n<p>[\/et_pb_text][et_pb_code _builder_version=\u00a0\u00bb4.21.0&Prime; _module_preset=\u00a0\u00bbdefault\u00a0\u00bb hover_enabled=\u00a0\u00bb0&Prime; global_colors_info=\u00a0\u00bb{}\u00a0\u00bb module_class=\u00a0\u00bbsquare-map\u00a0\u00bb sticky_enabled=\u00a0\u00bb0&Prime;]<iframe data-src=\"https:\/\/www.google.com\/maps\/d\/embed?mid=1ZqDnYIuMIL2HP99QBCopGiTxgg7ztYw&#038;ehbc=2E312F&#038;noprof=1&#038;hl=en\" width=\"100%\" height=\"480\" style=\"aspect-ratio: 3\/2; max-height: 500px; height: 500px;\" class=\"fitvidsignore lazyload\" src=\"data:image\/svg+xml;base64,PHN2ZyB3aWR0aD0iMSIgaGVpZ2h0PSIxIiB4bWxucz0iaHR0cDovL3d3dy53My5vcmcvMjAwMC9zdmciPjwvc3ZnPg==\" data-load-mode=\"1\"><\/iframe>[\/et_pb_code][et_pb_text _builder_version=\u00a0\u00bb4.21.0&Prime; _module_preset=\u00a0\u00bbdefault\u00a0\u00bb global_colors_info=\u00a0\u00bb{}\u00a0\u00bb]<\/p>\n<h2 style=\"text-align: center;\"><strong>Gezondheid &amp; Noodgevallen<\/strong><\/h2>\n<p>[\/et_pb_text][et_pb_code _builder_version=\u00a0\u00bb4.21.0&Prime; _module_preset=\u00a0\u00bbdefault\u00a0\u00bb hover_enabled=\u00a0\u00bb0&Prime; global_colors_info=\u00a0\u00bb{}\u00a0\u00bb module_class=\u00a0\u00bbsquare-map\u00a0\u00bb sticky_enabled=\u00a0\u00bb0&Prime;]<iframe data-src=\"https:\/\/www.google.com\/maps\/d\/embed?mid=1eFlqD61R7ymDSsKHzZTjwSqv2CMnZbs&#038;ehbc=2E312F&#038;noprof=1&#038;hl=en\" width=\"100%\" height=\"480\" style=\"aspect-ratio: 3\/2; max-height: 500px; height: 500px;\" class=\"fitvidsignore lazyload\" src=\"data:image\/svg+xml;base64,PHN2ZyB3aWR0aD0iMSIgaGVpZ2h0PSIxIiB4bWxucz0iaHR0cDovL3d3dy53My5vcmcvMjAwMC9zdmciPjwvc3ZnPg==\" data-load-mode=\"1\"><\/iframe>[\/et_pb_code][et_pb_divider show_divider=\u00a0\u00bboff\u00a0\u00bb _builder_version=\u00a0\u00bb4.21.0&Prime; _module_preset=\u00a0\u00bbdefault\u00a0\u00bb global_colors_info=\u00a0\u00bb{}\u00a0\u00bb][\/et_pb_divider][\/et_pb_column][\/et_pb_row][\/et_pb_section]<\/p>","protected":false},"excerpt":{"rendered":"<p>Adresses LocalesAdresses et num\u00e9ros de t\u00e9l\u00e9phone locaux (30 minutes ou moins) : &nbsp; ATM (distributeurs automatiques de billets) Caisse d\u2019Epargne: 48.27341785925769, 0.4594155081286071Address: 45 Rue nationale, 72110 Saint-Cosme-en-Vairais, France Cr\u00e9dit Agricole: 48.18754360504428, 0.6421043601542261Address: 9 Pl. Victor Hugo, 72400 La Fert\u00e9-Bernard, France Boulangerie Boulangerie Ange: 48.178679330498895, 0.6550922447344544Address: 47 Av. du G\u00e9n\u00e9ral de Gaulle, 72400 La Fert\u00e9-Bernard, France [&hellip;]<\/p>","protected":false},"author":1,"featured_media":0,"parent":340,"menu_order":0,"comment_status":"closed","ping_status":"closed","template":"","meta":{"_et_pb_use_builder":"on","_et_pb_old_content":"","_et_gb_content_width":"","footnotes":""},"class_list":["post-1697","page","type-page","status-publish","hentry"],"_links":{"self":[{"href":"https:\/\/gevraise.com\/nl\/wp-json\/wp\/v2\/pages\/1697","targetHints":{"allow":["GET"]}}],"collection":[{"href":"https:\/\/gevraise.com\/nl\/wp-json\/wp\/v2\/pages"}],"about":[{"href":"https:\/\/gevraise.com\/nl\/wp-json\/wp\/v2\/types\/page"}],"author":[{"embeddable":true,"href":"https:\/\/gevraise.com\/nl\/wp-json\/wp\/v2\/users\/1"}],"replies":[{"embeddable":true,"href":"https:\/\/gevraise.com\/nl\/wp-json\/wp\/v2\/comments?post=1697"}],"version-history":[{"count":12,"href":"https:\/\/gevraise.com\/nl\/wp-json\/wp\/v2\/pages\/1697\/revisions"}],"predecessor-version":[{"id":1999,"href":"https:\/\/gevraise.com\/nl\/wp-json\/wp\/v2\/pages\/1697\/revisions\/1999"}],"up":[{"embeddable":true,"href":"https:\/\/gevraise.com\/nl\/wp-json\/wp\/v2\/pages\/340"}],"wp:attachment":[{"href":"https:\/\/gevraise.com\/nl\/wp-json\/wp\/v2\/media?parent=1697"}],"curies":[{"name":"wp","href":"https:\/\/api.w.org\/{rel}","templated":true}]}}