{"id":1688,"date":"2024-10-28T07:34:40","date_gmt":"2024-10-28T07:34:40","guid":{"rendered":"https:\/\/gevraise.com\/?page_id=1688"},"modified":"2025-11-10T15:54:59","modified_gmt":"2025-11-10T15:54:59","slug":"experiences","status":"publish","type":"page","link":"https:\/\/gevraise.com\/nl\/location-privee\/experiences\/","title":{"rendered":"Ervaringen"},"content":{"rendered":"<p>[et_pb_section fb_built=\u00a0\u00bb1&Prime; admin_label=\u00a0\u00bbHeader\u00a0\u00bb _builder_version=\u00a0\u00bb4.21.0&Prime; use_background_color_gradient=\u00a0\u00bbon\u00a0\u00bb background_color_gradient_type=\u00a0\u00bbcircular\u00a0\u00bb background_color_gradient_direction_radial=\u00a0\u00bbtop left\u00a0\u00bb background_color_gradient_stops=\u00a0\u00bbrgba(255,255,255,0.89) 30%|rgba(255,255,255,0) 80%\u00a0\u00bb background_color_gradient_overlays_image=\u00a0\u00bbon\u00a0\u00bb background_color_gradient_start=\u00a0\u00bbrgba(255,255,255,0.89)\u00a0\u00bb background_color_gradient_start_position=\u00a0\u00bb30%\u00a0\u00bb background_color_gradient_end=\u00a0\u00bbrgba(255,255,255,0)\u00a0\u00bb background_color_gradient_end_position=\u00a0\u00bb80%\u00a0\u00bb background_image=\u00a0\u00bbhttps:\/\/gevraise.com\/wp-content\/uploads\/2024\/10\/Gevraise-Photo-2.webp\u00a0\u00bb module_alignment=\u00a0\u00bbleft\u00a0\u00bb min_height=\u00a0\u00bb75vh\u00a0\u00bb min_height_tablet=\u00a0\u00bb50vh\u00a0\u00bb min_height_phone=\u00a0\u00bb50vh\u00a0\u00bb min_height_last_edited=\u00a0\u00bbon|tablet\u00a0\u00bb height=\u00a0\u00bb75vh\u00a0\u00bb height_tablet=\u00a0\u00bb50vh\u00a0\u00bb height_phone=\u00a0\u00bb50vh\u00a0\u00bb height_last_edited=\u00a0\u00bbon|phone\u00a0\u00bb max_height=\u00a0\u00bb75vh\u00a0\u00bb max_height_tablet=\u00a0\u00bb50vh\u00a0\u00bb max_height_phone=\u00a0\u00bb50vh\u00a0\u00bb max_height_last_edited=\u00a0\u00bbon|phone\u00a0\u00bb custom_margin=\u00a0\u00bb|||\u00a0\u00bb custom_padding=\u00a0\u00bb8vw||8vw||true\u00a0\u00bb module_alignment_tablet=\u00a0\u00bbleft\u00a0\u00bb module_alignment_phone=\u00a0\u00bbleft\u00a0\u00bb module_alignment_last_edited=\u00a0\u00bbon|phone\u00a0\u00bb global_colors_info=\u00a0\u00bb{}\u00a0\u00bb][et_pb_row _builder_version=\u00a0\u00bb4.16&Prime; global_colors_info=\u00a0\u00bb{}\u00a0\u00bb][et_pb_column type=\u00a0\u00bb4_4&Prime; _builder_version=\u00a0\u00bb4.16&Prime; custom_padding=\u00a0\u00bb|||\u00a0\u00bb global_colors_info=\u00a0\u00bb{}\u00a0\u00bb custom_padding__hover=\u00a0\u00bb|||\u00a0\u00bb][et_pb_text _builder_version=\u00a0\u00bb4.21.0&Prime; text_font=\u00a0\u00bbAraboto||||||||\u00a0\u00bb header_line_height=\u00a0\u00bb1em\u00a0\u00bb header_5_text_color=\u00a0\u00bbgcid-b199c97b-4bc0-42dc-9dc3-0d89cfa1e059&Prime; animation_style=\u00a0\u00bbzoom\u00a0\u00bb animation_intensity_zoom=\u00a0\u00bb5%\u00a0\u00bb header_line_height_tablet=\u00a0\u00bb3.5em\u00a0\u00bb header_line_height_phone=\u00a0\u00bb1.5em\u00a0\u00bb header_line_height_last_edited=\u00a0\u00bbon|phone\u00a0\u00bb global_colors_info=\u00a0\u00bb{%22gcid-b199c97b-4bc0-42dc-9dc3-0d89cfa1e059%22:%91%22header_5_text_color%22,%22header_5_text_color%22%93}\u00a0\u00bb]<\/p>\n<h1>Ervaringen<\/h1>\n<p>[\/et_pb_text][\/et_pb_column][\/et_pb_row][\/et_pb_section][et_pb_section fb_built=\u00a0\u00bb1&Prime; admin_label=\u00a0\u00bbAbout Us\u00a0\u00bb _builder_version=\u00a0\u00bb4.21.0&Prime; background_color=\u00a0\u00bbgcid-0b1c429e-f61d-4890-b003-51b44ca52443&Prime; locked=\u00a0\u00bboff\u00a0\u00bb global_colors_info=\u00a0\u00bb{%22gcid-0b1c429e-f61d-4890-b003-51b44ca52443%22:%91%22background_color%22%93}\u00a0\u00bb][et_pb_row custom_padding_last_edited=\u00a0\u00bboff|desktop\u00a0\u00bb _builder_version=\u00a0\u00bb4.21.0&Prime; custom_padding=\u00a0\u00bb0px|0px|0|0px|false|false\u00a0\u00bb custom_padding_tablet=\u00a0\u00bb|0px||0px||true\u00a0\u00bb global_colors_info=\u00a0\u00bb{}\u00a0\u00bb][et_pb_column type=\u00a0\u00bb4_4&Prime; _builder_version=\u00a0\u00bb4.21.0&Prime; custom_padding=\u00a0\u00bb|||\u00a0\u00bb global_colors_info=\u00a0\u00bb{}\u00a0\u00bb custom_padding__hover=\u00a0\u00bb|||\u00a0\u00bb][et_pb_text _builder_version=\u00a0\u00bb4.21.0&Prime; _module_preset=\u00a0\u00bbdefault\u00a0\u00bb global_colors_info=\u00a0\u00bb{}\u00a0\u00bb]<\/p>\n<p>Deze ervaringen gelden voor alle inzittenden tegelijk en zijn gebaseerd op een verblijf van meer dan drie nachten. Voor een verblijf van minder dan drie nachten, voeg 50 % toe.<\/p>\n<p>[\/et_pb_text][et_pb_pricing_tables featured_table_background_color=\u00a0\u00bb#FFFFFF\u00a0\u00bb featured_table_header_background_color=\u00a0\u00bb#000000&Prime; featured_table_header_text_color=\u00a0\u00bb#000000&Prime; header_background_color=\u00a0\u00bbRGBA(255,255,255,0)\u00a0\u00bb show_bullet=\u00a0\u00bboff\u00a0\u00bb _builder_version=\u00a0\u00bb4.21.0&Prime; _module_preset=\u00a0\u00bbdefault\u00a0\u00bb price_text_color=\u00a0\u00bb#000000&Prime; header_text_color=\u00a0\u00bb#000000&Prime; header_font=\u00a0\u00bbContralto Big||||||||\u00a0\u00bb background_color=\u00a0\u00bbRGBA(255,255,255,0)\u00a0\u00bb custom_button=\u00a0\u00bbon\u00a0\u00bb button_text_color=\u00a0\u00bbgcid-0b1c429e-f61d-4890-b003-51b44ca52443&Prime; button_bg_color=\u00a0\u00bbgcid-abf3bd36-c61c-421b-b784-fae67911c442&Prime; button_border_color=\u00a0\u00bbRGBA(255,255,255,0)\u00a0\u00bb button_border_radius=\u00a0\u00bb50px\u00a0\u00bb button_alignment=\u00a0\u00bbcenter\u00a0\u00bb custom_margin=\u00a0\u00bb||||false|false\u00a0\u00bb custom_padding=\u00a0\u00bb||||false|false\u00a0\u00bb hover_enabled=\u00a0\u00bb0&Prime; border_radii=\u00a0\u00bbon|30px|30px|30px|30px\u00a0\u00bb border_color_all=\u00a0\u00bbRGBA(255,255,255,0)\u00a0\u00bb global_colors_info=\u00a0\u00bb{%22gcid-0b1c429e-f61d-4890-b003-51b44ca52443%22:%91%22button_text_color%22%93,%22gcid-abf3bd36-c61c-421b-b784-fae67911c442%22:%91%22button_bg_color%22%93}\u00a0\u00bb sticky_enabled=\u00a0\u00bb0&Prime;][et_pb_pricing_table title=\u00a0\u00bbPremium\u00a0\u00bb button_url=\u00a0\u00bb\/wp-content\/uploads\/2025\/08\/Premium-Experience.pdf\u00a0\u00bb url_new_window=\u00a0\u00bbon\u00a0\u00bb button_text=\u00a0\u00bbPLUS D&rsquo;INFO\u00a0\u00bb bullet_color=\u00a0\u00bbgcid-abf3bd36-c61c-421b-b784-fae67911c442&Prime; _builder_version=\u00a0\u00bb4.21.0&Prime; _dynamic_attributes=\u00a0\u00bbbutton_url\u00a0\u00bb _module_preset=\u00a0\u00bbdefault\u00a0\u00bb background_color=\u00a0\u00bb#FFFFFF\u00a0\u00bb background_enable_color=\u00a0\u00bbon\u00a0\u00bb custom_padding=\u00a0\u00bb||||false|false\u00a0\u00bb hover_enabled=\u00a0\u00bb0&Prime; global_colors_info=\u00a0\u00bb{%22gcid-abf3bd36-c61c-421b-b784-fae67911c442%22:%91%22bullet_color%22%93}\u00a0\u00bb sticky_transition=\u00a0\u00bbon\u00a0\u00bb subtitle=\u00a0\u00bbOffert avec la r\u00e9servation\u00a0\u00bb subheader_text_color=\u00a0\u00bb#999999&Prime; subheader_line_height=\u00a0\u00bb6em\u00a0\u00bb sticky_enabled=\u00a0\u00bb0&Prime;]<\/p>\n<p>Het Premium-assortiment is ontworpen voor wie op zoek is naar meer comfort en biedt subtiele luxueuze accenten die de algehele ervaring verbeteren.<\/p>\n<p>[\/et_pb_pricing_table][et_pb_pricing_table title=\u00a0\u00bb\u00c9l\u00e9gance\u00a0\u00bb currency=\u00a0\u00bb\u20ac\u00a0\u00bb per=\u00a0\u00bbpar personne par nuit\u00a0\u00bb sum=\u00a0\u00bb99&Prime; button_url=\u00a0\u00bb\/wp-content\/uploads\/2025\/08\/Experience-Elegance-.pdf\u00a0\u00bb url_new_window=\u00a0\u00bbon\u00a0\u00bb button_text=\u00a0\u00bbPLUS D&rsquo;INFO\u00a0\u00bb _builder_version=\u00a0\u00bb4.21.0&Prime; _dynamic_attributes=\u00a0\u00bbbutton_url\u00a0\u00bb _module_preset=\u00a0\u00bbdefault\u00a0\u00bb background_color=\u00a0\u00bb#FFFFFF\u00a0\u00bb background_enable_color=\u00a0\u00bbon\u00a0\u00bb hover_enabled=\u00a0\u00bb0&Prime; global_colors_info=\u00a0\u00bb{%22gcid-abf3bd36-c61c-421b-b784-fae67911c442%22:%91%22bullet_color%22%93}\u00a0\u00bb sticky_transition=\u00a0\u00bbon\u00a0\u00bb sticky_enabled=\u00a0\u00bb0&Prime; subtitle=\u00a0\u00bbPour un suppl\u00e9ment de\u00a0\u00bb subheader_text_color=\u00a0\u00bb#999999&Prime; subheader_line_height=\u00a0\u00bb2em\u00a0\u00bb]<\/p>\n<p>Met de perfecte balans tussen middenklasse luxe en toegevoegde waarde garandeert Elegance een gedenkwaardig en lonend verblijf.<\/p>\n<p>[\/et_pb_pricing_table][et_pb_pricing_table title=\u00a0\u00bbSplendeur\u00a0\u00bb currency=\u00a0\u00bb\u20ac\u00a0\u00bb per=\u00a0\u00bbpar personne par nuit\u00a0\u00bb sum=\u00a0\u00bb149&Prime; button_url=\u00a0\u00bb\/wp-content\/uploads\/2025\/08\/Experience-Splendeur-.pdf\u00a0\u00bb url_new_window=\u00a0\u00bbon\u00a0\u00bb button_text=\u00a0\u00bbPLUS D&rsquo;INFO\u00a0\u00bb _builder_version=\u00a0\u00bb4.21.0&Prime; _dynamic_attributes=\u00a0\u00bbbutton_url\u00a0\u00bb _module_preset=\u00a0\u00bbdefault\u00a0\u00bb background_color=\u00a0\u00bb#FFFFFF\u00a0\u00bb background_enable_color=\u00a0\u00bbon\u00a0\u00bb hover_enabled=\u00a0\u00bb0&Prime; global_colors_info=\u00a0\u00bb{%22gcid-abf3bd36-c61c-421b-b784-fae67911c442%22:%91%22bullet_color%22%93}\u00a0\u00bb sticky_transition=\u00a0\u00bbon\u00a0\u00bb subtitle=\u00a0\u00bbPour un suppl\u00e9ment de\u00a0\u00bb subheader_text_color=\u00a0\u00bb#999999&Prime; sticky_enabled=\u00a0\u00bb0&Prime; subheader_line_height=\u00a0\u00bb2em\u00a0\u00bb]<\/p>\n<p>Splendour biedt een meeslepende ervaring, onge\u00ebvenaarde luxe en onvergetelijke momenten.<\/p>\n<p>[\/et_pb_pricing_table][\/et_pb_pricing_tables][et_pb_code _builder_version=\u00a0\u00bb4.21.0&Prime; _module_preset=\u00a0\u00bbdefault\u00a0\u00bb global_colors_info=\u00a0\u00bb{}\u00a0\u00bb]<\/p>\n<style><!-- [et_pb_line_break_holder] -->.et_pb_pricing_table_wrap {<!-- [et_pb_line_break_holder] -->    gap: 30px;<!-- [et_pb_line_break_holder] -->}<!-- [et_pb_line_break_holder] -->.et_pb_pricing_table_wrap > div {<!-- [et_pb_line_break_holder] -->    max-width: calc(33.33% - 20px) !important;}<!-- [et_pb_line_break_holder] --><\/style>\n<p>[\/et_pb_code][et_pb_image src=\u00a0\u00bbhttps:\/\/gevraise.com\/wp-content\/uploads\/2025\/08\/3718.webp\u00a0\u00bb title_text=\u00a0\u00bb3718&Prime; force_fullwidth=\u00a0\u00bbon\u00a0\u00bb _builder_version=\u00a0\u00bb4.21.0&Prime; _module_preset=\u00a0\u00bbdefault\u00a0\u00bb global_colors_info=\u00a0\u00bb{}\u00a0\u00bb][\/et_pb_image][et_pb_text _builder_version=\u00a0\u00bb4.21.0&Prime; _module_preset=\u00a0\u00bbdefault\u00a0\u00bb global_colors_info=\u00a0\u00bb{}\u00a0\u00bb]<\/p>\n<p><strong>Ontbijt :<\/strong> van 7.30 tot 9.30 uur, \u20ac355 per dag<\/p>\n<p><strong>Lunch :<\/strong> van 12.30 tot 14.30 uur, \u20ac575 per dag<\/p>\n<p><strong>Diner :<\/strong> van 19:00 tot 22:00, \u20ac840 per dag<\/p>\n<p><strong>Volle raad :<\/strong> 1499 per nacht per persoon - minimaal 2 nachten per verblijf<\/p>\n<p><strong>Overuren chef :<\/strong> 125 per uur<\/p>\n<p>Alle ingredi\u00ebnten worden apart gefactureerd voor elke bestelde maaltijd, net als het transport en de tijd die je aan boodschappen besteden hebt.<\/p>\n<p>[\/et_pb_text][et_pb_divider show_divider=\u00a0\u00bboff\u00a0\u00bb _builder_version=\u00a0\u00bb4.21.0&Prime; _module_preset=\u00a0\u00bbdefault\u00a0\u00bb global_colors_info=\u00a0\u00bb{}\u00a0\u00bb][\/et_pb_divider][\/et_pb_column][\/et_pb_row][et_pb_row column_structure=\u00a0\u00bb1_2,1_2&Prime; _builder_version=\u00a0\u00bb4.21.0&Prime; _module_preset=\u00a0\u00bbdefault\u00a0\u00bb global_colors_info=\u00a0\u00bb{}\u00a0\u00bb][et_pb_column type=\u00a0\u00bb1_2&Prime; _builder_version=\u00a0\u00bb4.21.0&Prime; _module_preset=\u00a0\u00bbdefault\u00a0\u00bb global_colors_info=\u00a0\u00bb{}\u00a0\u00bb][et_pb_blurb title=\u00a0\u00bbNettoyage et Entretien\u00a0\u00bb use_icon=\u00a0\u00bbon\u00a0\u00bb font_icon=\u00a0\u00bb&#xf51a;||fa||900&Prime; icon_placement=\u00a0\u00bbleft\u00a0\u00bb image_icon_width=\u00a0\u00bb97px\u00a0\u00bb _builder_version=\u00a0\u00bb4.21.0&Prime; _module_preset=\u00a0\u00bbdefault\u00a0\u00bb image_icon_custom_margin=\u00a0\u00bb||||true|false\u00a0\u00bb global_colors_info=\u00a0\u00bb{}\u00a0\u00bb]<\/p>\n<p><strong><\/strong><strong><\/strong>Turn-down Service met lichte schoonmaak<\/p>\n<ul>\n<li>Tijd : 19:00<\/li>\n<li>Prijs : 450 \u20ac per dag<\/li>\n<\/ul>\n<p>[\/et_pb_blurb][\/et_pb_column][et_pb_column type=\u00a0\u00bb1_2&Prime; _builder_version=\u00a0\u00bb4.21.0&Prime; _module_preset=\u00a0\u00bbdefault\u00a0\u00bb global_colors_info=\u00a0\u00bb{}\u00a0\u00bb][et_pb_blurb title=\u00a0\u00bbSoins aux enfants\u00a0\u00bb use_icon=\u00a0\u00bbon\u00a0\u00bb font_icon=\u00a0\u00bb&#xf77d;||fa||900&Prime; icon_placement=\u00a0\u00bbleft\u00a0\u00bb image_icon_width=\u00a0\u00bb97px\u00a0\u00bb _builder_version=\u00a0\u00bb4.21.0&Prime; _module_preset=\u00a0\u00bbdefault\u00a0\u00bb image_icon_custom_margin=\u00a0\u00bb||||true|false\u00a0\u00bb global_colors_info=\u00a0\u00bb{}\u00a0\u00bb]<\/p>\n<ul>\n<li>Babysit service: \u20ac50 per uur<\/li>\n<li>Dagelijkse Nanny service: \u20ac320 per dag op basis van 8 uur<\/li>\n<\/ul>\n<p>[\/et_pb_blurb][\/et_pb_column][\/et_pb_row][et_pb_row _builder_version=\u00a0\u00bb4.21.0&Prime; _module_preset=\u00a0\u00bbdefault\u00a0\u00bb global_colors_info=\u00a0\u00bb{}\u00a0\u00bb][et_pb_column type=\u00a0\u00bb4_4&Prime; _builder_version=\u00a0\u00bb4.21.0&Prime; _module_preset=\u00a0\u00bbdefault\u00a0\u00bb global_colors_info=\u00a0\u00bb{}\u00a0\u00bb][et_pb_text _builder_version=\u00a0\u00bb4.21.0&Prime; _module_preset=\u00a0\u00bbdefault\u00a0\u00bb global_colors_info=\u00a0\u00bb{}\u00a0\u00bb]<\/p>\n<h2 style=\"text-align: center;\"><strong>Extra ervaringen<\/strong><\/h2>\n<p>[\/et_pb_text][\/et_pb_column][\/et_pb_row][et_pb_row column_structure=\u00a0\u00bb1_2,1_2&Prime; make_equal=\u00a0\u00bbon\u00a0\u00bb module_class=\u00a0\u00bbreverse\u00a0\u00bb _builder_version=\u00a0\u00bb4.21.0&Prime; _module_preset=\u00a0\u00bbdefault\u00a0\u00bb global_colors_info=\u00a0\u00bb{}\u00a0\u00bb][et_pb_column type=\u00a0\u00bb1_2&Prime; _builder_version=\u00a0\u00bb4.21.0&Prime; _module_preset=\u00a0\u00bbdefault\u00a0\u00bb global_colors_info=\u00a0\u00bb{}\u00a0\u00bb][et_pb_text _builder_version=\u00a0\u00bb4.21.0&Prime; _module_preset=\u00a0\u00bbdefault\u00a0\u00bb global_colors_info=\u00a0\u00bb{}\u00a0\u00bb]<\/p>\n<p><strong>Bezoeken van lokale experts:<\/strong><\/p>\n<ul>\n<li>Prijzen vanaf: \u20ac550 per bezoek<\/li>\n<li>Opties zijn wijnproeverijen, lezingen of muziek- en theatervoorstellingen<\/li>\n<\/ul>\n<p><strong>Pony ervaring<\/strong><\/p>\n<ul>\n<li>Duur: Tot 3 uur<\/li>\n<li>Prijs: \u20ac450 per pony met gids (pony's worden naar het landgoed gebracht)<\/li>\n<\/ul>\n<p><strong>Springkasteel Installatie<\/strong><\/p>\n<ul>\n<li>Prijs: \u20ac650 per dag<\/li>\n<\/ul>\n<p>[\/et_pb_text][\/et_pb_column][et_pb_column type=\u00a0\u00bb1_2&Prime; _builder_version=\u00a0\u00bb4.21.0&Prime; _module_preset=\u00a0\u00bbdefault\u00a0\u00bb global_colors_info=\u00a0\u00bb{}\u00a0\u00bb][et_pb_image src=\u00a0\u00bbhttps:\/\/gevraise.com\/wp-content\/uploads\/2025\/02\/40254.webp\u00a0\u00bb title_text=\u00a0\u00bb40254&Prime; force_fullwidth=\u00a0\u00bbon\u00a0\u00bb _builder_version=\u00a0\u00bb4.21.0&Prime; _module_preset=\u00a0\u00bbdefault\u00a0\u00bb max_height=\u00a0\u00bb400px\u00a0\u00bb global_colors_info=\u00a0\u00bb{}\u00a0\u00bb][\/et_pb_image][\/et_pb_column][\/et_pb_row][et_pb_row column_structure=\u00a0\u00bb1_2,1_2&Prime; make_equal=\u00a0\u00bbon\u00a0\u00bb _builder_version=\u00a0\u00bb4.21.0&Prime; _module_preset=\u00a0\u00bbdefault\u00a0\u00bb global_colors_info=\u00a0\u00bb{}\u00a0\u00bb][et_pb_column type=\u00a0\u00bb1_2&Prime; _builder_version=\u00a0\u00bb4.21.0&Prime; _module_preset=\u00a0\u00bbdefault\u00a0\u00bb global_colors_info=\u00a0\u00bb{}\u00a0\u00bb][et_pb_image src=\u00a0\u00bbhttps:\/\/gevraise.com\/wp-content\/uploads\/2025\/02\/24933.webp\u00a0\u00bb title_text=\u00a0\u00bb24933&Prime; _builder_version=\u00a0\u00bb4.21.0&Prime; _module_preset=\u00a0\u00bbdefault\u00a0\u00bb global_colors_info=\u00a0\u00bb{}\u00a0\u00bb][\/et_pb_image][\/et_pb_column][et_pb_column type=\u00a0\u00bb1_2&Prime; _builder_version=\u00a0\u00bb4.21.0&Prime; _module_preset=\u00a0\u00bbdefault\u00a0\u00bb global_colors_info=\u00a0\u00bb{}\u00a0\u00bb][et_pb_text _builder_version=\u00a0\u00bb4.21.0&Prime; _module_preset=\u00a0\u00bbdefault\u00a0\u00bb global_colors_info=\u00a0\u00bb{}\u00a0\u00bb]<\/p>\n<p><strong>Kooklessen<\/strong><\/p>\n<ul>\n<li>Duur: Tot 2 uur<\/li>\n<li>Prijs: \u20ac350 per les<\/li>\n<\/ul>\n<p><strong>Massages<\/strong><\/p>\n<ul>\n<li>Prijs: \u20ac375 (organisatiekosten)<span style=\"font-size: 18px;\">\u00a0<\/span><\/li>\n<li>Extra kosten zijn van toepassing (1 maand van tevoren aanmelden is noodzakelijk)<\/li>\n<\/ul>\n<p><strong>Pottenbakkerslessen<\/strong><\/p>\n<ul>\n<li>Duur: 3 uur per les - 2 lessen per bezoek<\/li>\n<li>Prijs: \u20ac350 per les<\/li>\n<\/ul>\n<p>[\/et_pb_text][\/et_pb_column][\/et_pb_row][et_pb_row column_structure=\u00a0\u00bb1_2,1_2&Prime; make_equal=\u00a0\u00bbon\u00a0\u00bb module_class=\u00a0\u00bbreverse\u00a0\u00bb _builder_version=\u00a0\u00bb4.21.0&Prime; _module_preset=\u00a0\u00bbdefault\u00a0\u00bb global_colors_info=\u00a0\u00bb{}\u00a0\u00bb][et_pb_column type=\u00a0\u00bb1_2&Prime; _builder_version=\u00a0\u00bb4.21.0&Prime; _module_preset=\u00a0\u00bbdefault\u00a0\u00bb global_colors_info=\u00a0\u00bb{}\u00a0\u00bb][et_pb_text _builder_version=\u00a0\u00bb4.21.0&Prime; _module_preset=\u00a0\u00bbdefault\u00a0\u00bb custom_margin=\u00a0\u00bb||-119px|||\u00a0\u00bb custom_padding=\u00a0\u00bb||133px|||\u00a0\u00bb global_colors_info=\u00a0\u00bb{}\u00a0\u00bb]<\/p>\n<p><strong><\/strong><\/p>\n<p><strong><\/strong><\/p>\n<p><strong><\/strong><\/p>\n<p><strong><\/strong><\/p>\n<p><strong>Professionele fotoshoot<\/strong><\/p>\n<ul>\n<li>Duur: Tot 2 uur<\/li>\n<li>Prijs: \u20ac375 per sessie<\/li>\n<\/ul>\n<p><strong>Vuurwerk<\/strong><\/p>\n<ul>\n<li>Prijs: \u20ac375 (organisatiekosten)<\/li>\n<li>Extra kosten zijn van toepassing (1 maand van tevoren aanmelden vereist).<\/li>\n<\/ul>\n<p>[\/et_pb_text][\/et_pb_column][et_pb_column type=\u00a0\u00bb1_2&Prime; _builder_version=\u00a0\u00bb4.21.0&Prime; _module_preset=\u00a0\u00bbdefault\u00a0\u00bb global_colors_info=\u00a0\u00bb{}\u00a0\u00bb][et_pb_image src=\u00a0\u00bbhttps:\/\/gevraise.com\/wp-content\/uploads\/2025\/02\/fireworks-1880045_1280.webp\u00a0\u00bb title_text=\u00a0\u00bbfireworks-1880045_1280&Prime; _builder_version=\u00a0\u00bb4.21.0&Prime; _module_preset=\u00a0\u00bbdefault\u00a0\u00bb global_colors_info=\u00a0\u00bb{}\u00a0\u00bb][\/et_pb_image][\/et_pb_column][\/et_pb_row][et_pb_row column_structure=\u00a0\u00bb1_2,1_2&Prime; make_equal=\u00a0\u00bbon\u00a0\u00bb _builder_version=\u00a0\u00bb4.21.0&Prime; _module_preset=\u00a0\u00bbdefault\u00a0\u00bb global_colors_info=\u00a0\u00bb{}\u00a0\u00bb][et_pb_column type=\u00a0\u00bb1_2&Prime; _builder_version=\u00a0\u00bb4.21.0&Prime; _module_preset=\u00a0\u00bbdefault\u00a0\u00bb global_colors_info=\u00a0\u00bb{}\u00a0\u00bb][et_pb_image src=\u00a0\u00bbhttps:\/\/gevraise.com\/wp-content\/uploads\/2025\/02\/aircraft-1238691_1280.webp\u00a0\u00bb title_text=\u00a0\u00bbaircraft-1238691_1280&Prime; _builder_version=\u00a0\u00bb4.21.0&Prime; _module_preset=\u00a0\u00bbdefault\u00a0\u00bb global_colors_info=\u00a0\u00bb{}\u00a0\u00bb][\/et_pb_image][\/et_pb_column][et_pb_column type=\u00a0\u00bb1_2&Prime; _builder_version=\u00a0\u00bb4.21.0&Prime; _module_preset=\u00a0\u00bbdefault\u00a0\u00bb global_colors_info=\u00a0\u00bb{}\u00a0\u00bb][et_pb_text _builder_version=\u00a0\u00bb4.21.0&Prime; _module_preset=\u00a0\u00bbdefault\u00a0\u00bb global_colors_info=\u00a0\u00bb{}\u00a0\u00bb]<\/p>\n<p><strong><\/strong><\/p>\n<p><strong><\/strong><\/p>\n<p><strong><\/strong><\/p>\n<p><strong><\/strong><\/p>\n<p><strong>Luchthaven transfers<\/strong><\/p>\n<ul>\n<li>Prijs: \u20ac550 per transfer<\/li>\n<li>Routes : Vliegveld naar Gevraise of Gevraise naar vliegveld<\/li>\n<\/ul>\n<p><strong>Helikopterlanding in Gevraise<\/strong><\/p>\n<ul>\n<li>Prijs: \u20ac750 (orgnanisatiekosten)<\/li>\n<\/ul>\n<p>[\/et_pb_text][\/et_pb_column][\/et_pb_row][et_pb_row _builder_version=\u00a0\u00bb4.21.0&Prime; _module_preset=\u00a0\u00bbdefault\u00a0\u00bb global_colors_info=\u00a0\u00bb{}\u00a0\u00bb][et_pb_column type=\u00a0\u00bb4_4&Prime; _builder_version=\u00a0\u00bb4.21.0&Prime; _module_preset=\u00a0\u00bbdefault\u00a0\u00bb global_colors_info=\u00a0\u00bb{}\u00a0\u00bb][et_pb_text _builder_version=\u00a0\u00bb4.21.0&Prime; _module_preset=\u00a0\u00bbdefault\u00a0\u00bb global_colors_info=\u00a0\u00bb{}\u00a0\u00bb]<\/p>\n<p><strong>Opmerkingen<br \/><\/strong><span style=\"font-size: 18px;\">Alle tijden zijn gebaseerd op toegang via de gate (in en uit).<br \/><\/span><span style=\"font-size: 18px;\">Kosten worden toegevoegd aan de totale gedeelde kosten indien niet vooraf geboekt.<\/span><\/p>\n<p>[\/et_pb_text][\/et_pb_column][\/et_pb_row][\/et_pb_section]<\/p>","protected":false},"excerpt":{"rendered":"<p>Exp\u00e9riencesCes exp\u00e9riences sont destin\u00e9es \u00e0 tous les occupants \u00e0 la fois et sont bas\u00e9es sur un s\u00e9jour de plus de trois nuits. Pour les s\u00e9jours de moins de trois nuits, ajoutez 50 %.Con\u00e7ue pour ceux qui recherchent un confort accru, la gamme Premium offre des touches de luxe subtiles qui rehaussent l&rsquo;exp\u00e9rience globale.Parvenant \u00e0 un [&hellip;]<\/p>","protected":false},"author":1,"featured_media":0,"parent":340,"menu_order":0,"comment_status":"closed","ping_status":"closed","template":"","meta":{"_et_pb_use_builder":"on","_et_pb_old_content":"","_et_gb_content_width":"","footnotes":""},"class_list":["post-1688","page","type-page","status-publish","hentry"],"_links":{"self":[{"href":"https:\/\/gevraise.com\/nl\/wp-json\/wp\/v2\/pages\/1688","targetHints":{"allow":["GET"]}}],"collection":[{"href":"https:\/\/gevraise.com\/nl\/wp-json\/wp\/v2\/pages"}],"about":[{"href":"https:\/\/gevraise.com\/nl\/wp-json\/wp\/v2\/types\/page"}],"author":[{"embeddable":true,"href":"https:\/\/gevraise.com\/nl\/wp-json\/wp\/v2\/users\/1"}],"replies":[{"embeddable":true,"href":"https:\/\/gevraise.com\/nl\/wp-json\/wp\/v2\/comments?post=1688"}],"version-history":[{"count":54,"href":"https:\/\/gevraise.com\/nl\/wp-json\/wp\/v2\/pages\/1688\/revisions"}],"predecessor-version":[{"id":2709,"href":"https:\/\/gevraise.com\/nl\/wp-json\/wp\/v2\/pages\/1688\/revisions\/2709"}],"up":[{"embeddable":true,"href":"https:\/\/gevraise.com\/nl\/wp-json\/wp\/v2\/pages\/340"}],"wp:attachment":[{"href":"https:\/\/gevraise.com\/nl\/wp-json\/wp\/v2\/media?parent=1688"}],"curies":[{"name":"wp","href":"https:\/\/api.w.org\/{rel}","templated":true}]}}