{"id":1678,"date":"2024-10-28T06:41:14","date_gmt":"2024-10-28T06:41:14","guid":{"rendered":"https:\/\/gevraise.com\/?page_id=1678"},"modified":"2024-11-09T14:57:05","modified_gmt":"2024-11-09T14:57:05","slug":"nous-trouver","status":"publish","type":"page","link":"https:\/\/gevraise.com\/nl\/nous-trouver\/","title":{"rendered":"Hoe u ons kunt vinden"},"content":{"rendered":"[et_pb_section fb_built=\u00a0\u00bb1&Prime; admin_label=\u00a0\u00bbHeader\u00a0\u00bb _builder_version=\u00a0\u00bb4.21.0&Prime; use_background_color_gradient=\u00a0\u00bbon\u00a0\u00bb background_color_gradient_type=\u00a0\u00bbcircular\u00a0\u00bb background_color_gradient_direction_radial=\u00a0\u00bbtop left\u00a0\u00bb background_color_gradient_stops=\u00a0\u00bbrgba(255,255,255,0.89) 30%|rgba(255,255,255,0) 80%\u00a0\u00bb background_color_gradient_overlays_image=\u00a0\u00bbon\u00a0\u00bb background_color_gradient_start=\u00a0\u00bbrgba(255,255,255,0.89)\u00a0\u00bb background_color_gradient_start_position=\u00a0\u00bb30%\u00a0\u00bb background_color_gradient_end=\u00a0\u00bbrgba(255,255,255,0)\u00a0\u00bb background_color_gradient_end_position=\u00a0\u00bb80%\u00a0\u00bb background_image=\u00a0\u00bbhttps:\/\/gevraise.com\/wp-content\/uploads\/2024\/10\/Gevraise-Photo-2.webp\u00a0\u00bb module_alignment=\u00a0\u00bbleft\u00a0\u00bb min_height=\u00a0\u00bb75vh\u00a0\u00bb min_height_tablet=\u00a0\u00bb50vh\u00a0\u00bb min_height_phone=\u00a0\u00bb50vh\u00a0\u00bb min_height_last_edited=\u00a0\u00bbon|tablet\u00a0\u00bb height=\u00a0\u00bb75vh\u00a0\u00bb height_tablet=\u00a0\u00bb50vh\u00a0\u00bb height_phone=\u00a0\u00bb50vh\u00a0\u00bb height_last_edited=\u00a0\u00bbon|phone\u00a0\u00bb max_height=\u00a0\u00bb75vh\u00a0\u00bb max_height_tablet=\u00a0\u00bb50vh\u00a0\u00bb max_height_phone=\u00a0\u00bb50vh\u00a0\u00bb max_height_last_edited=\u00a0\u00bbon|phone\u00a0\u00bb custom_margin=\u00a0\u00bb|||\u00a0\u00bb custom_padding=\u00a0\u00bb8vw||8vw||true\u00a0\u00bb module_alignment_tablet=\u00a0\u00bbleft\u00a0\u00bb module_alignment_phone=\u00a0\u00bbleft\u00a0\u00bb module_alignment_last_edited=\u00a0\u00bbon|phone\u00a0\u00bb global_colors_info=\u00a0\u00bb{}\u00a0\u00bb][et_pb_row _builder_version=\u00a0\u00bb4.16&Prime; global_colors_info=\u00a0\u00bb{}\u00a0\u00bb][et_pb_column type=\u00a0\u00bb4_4&Prime; _builder_version=\u00a0\u00bb4.16&Prime; custom_padding=\u00a0\u00bb|||\u00a0\u00bb global_colors_info=\u00a0\u00bb{}\u00a0\u00bb custom_padding__hover=\u00a0\u00bb|||\u00a0\u00bb][et_pb_text _builder_version=\u00a0\u00bb4.21.0&Prime; text_font=\u00a0\u00bbAraboto||||||||\u00a0\u00bb header_line_height=\u00a0\u00bb1em\u00a0\u00bb header_5_text_color=\u00a0\u00bbgcid-b199c97b-4bc0-42dc-9dc3-0d89cfa1e059&Prime; animation_style=\u00a0\u00bbzoom\u00a0\u00bb animation_intensity_zoom=\u00a0\u00bb5%\u00a0\u00bb hover_enabled=\u00a0\u00bb0&Prime; header_line_height_tablet=\u00a0\u00bb3.5em\u00a0\u00bb header_line_height_phone=\u00a0\u00bb1.5em\u00a0\u00bb header_line_height_last_edited=\u00a0\u00bbon|phone\u00a0\u00bb global_colors_info=\u00a0\u00bb{%22gcid-b199c97b-4bc0-42dc-9dc3-0d89cfa1e059%22:%91%22header_5_text_color%22,%22header_5_text_color%22%93}\u00a0\u00bb sticky_enabled=\u00a0\u00bb0&Prime;]<h1>Hoe u ons kunt vinden<\/h1>[\/et_pb_text][\/et_pb_column][\/et_pb_row][\/et_pb_section][et_pb_section fb_built=\u00a0\u00bb1&Prime; admin_label=\u00a0\u00bbAbout\u00a0\u00bb _builder_version=\u00a0\u00bb4.21.0&Prime; background_color=\u00a0\u00bbgcid-0b1c429e-f61d-4890-b003-51b44ca52443&Prime; custom_padding=\u00a0\u00bb||0px||false|false\u00a0\u00bb global_colors_info=\u00a0\u00bb{%22gcid-0b1c429e-f61d-4890-b003-51b44ca52443%22:%91%22background_color%22%93}\u00a0\u00bb][et_pb_row custom_padding_last_edited=\u00a0\u00bboff|desktop\u00a0\u00bb _builder_version=\u00a0\u00bb4.21.0&Prime; custom_padding=\u00a0\u00bb0px||0px||false|false\u00a0\u00bb custom_padding_tablet=\u00a0\u00bb|0px||0px||true\u00a0\u00bb global_colors_info=\u00a0\u00bb{}\u00a0\u00bb][et_pb_column type=\u00a0\u00bb4_4&Prime; _builder_version=\u00a0\u00bb4.16&Prime; custom_padding=\u00a0\u00bb|||\u00a0\u00bb global_colors_info=\u00a0\u00bb{}\u00a0\u00bb custom_padding__hover=\u00a0\u00bb|||\u00a0\u00bb][et_pb_text _builder_version=\u00a0\u00bb4.21.0&Prime; text_font=\u00a0\u00bbAraboto||||||||\u00a0\u00bb text_text_color=\u00a0\u00bbgcid-98f51a20-5112-4a2b-9007-6078d2b0e364&Prime; text_line_height=\u00a0\u00bb2em\u00a0\u00bb header_font=\u00a0\u00bb||||||||\u00a0\u00bb header_2_font=\u00a0\u00bbRaleway|700|||||||\u00a0\u00bb header_2_font_size=\u00a0\u00bb50px\u00a0\u00bb header_2_line_height=\u00a0\u00bb1.2em\u00a0\u00bb header_6_font=\u00a0\u00bbRaleway|700||on|||||\u00a0\u00bb header_6_font_size=\u00a0\u00bb16px\u00a0\u00bb header_6_letter_spacing=\u00a0\u00bb5px\u00a0\u00bb header_6_line_height=\u00a0\u00bb1.8em\u00a0\u00bb max_width_last_edited=\u00a0\u00bboff|desktop\u00a0\u00bb module_alignment=\u00a0\u00bbcenter\u00a0\u00bb hover_enabled=\u00a0\u00bb0&Prime; header_2_font_size_tablet=\u00a0\u00bb35px\u00a0\u00bb header_2_font_size_phone=\u00a0\u00bb25px\u00a0\u00bb header_2_font_size_last_edited=\u00a0\u00bbon|phone\u00a0\u00bb global_colors_info=\u00a0\u00bb{%22gcid-98f51a20-5112-4a2b-9007-6078d2b0e364%22:%91%22text_text_color%22,%22text_text_color%22%93}\u00a0\u00bb sticky_enabled=\u00a0\u00bb0&Prime;]<h3><strong>Exacte locatie<\/strong><\/h3>\n<ul>\n  <li>What3Words adres: \/\/\/cucumbers.trek.citadel<\/li>\n  <li>Geografische co\u00f6rdinaten: breedtegraad 48,282611, lengtegraad 0,975139<\/li>\n<\/ul>\n\n<h3><strong>Met de trein<\/strong><\/h3>\n<p><strong>Station Le Mans TGV :<\/strong><\/p>\n<ul>\n  <li>Tijd tot Gevraise: 50 minuten met de auto<\/li>\n  <li>Bereikbaarheid met TGV: groot knooppunt met directe verbindingen vanuit Parijs (Montparnasse) in minder dan een uur.<\/li>\n  <li>Vervoer vanaf het station: Gasten kunnen een auto huren of een taxi regelen om hen naar het landgoed te brengen.<\/li>\n<\/ul>\n\n<p><strong>Station La Fert\u00e9-Bernard :<\/strong><\/p>\n<ul>\n  <li>Tijd tot Gevraise: 25 minuten met de auto<\/li>\n  <li>Bereikbaarheid per trein: Regionale treindiensten (TER) vanuit Le Mans of Parijs Montparnasse, een beter alternatief voor treinreizigers. Dit kleinere station biedt een meer lokale verbinding.<\/li>\n  <li>Vervoer vanaf het station: Taxi's zijn beschikbaar vanaf het station, of priv\u00e9vervoer kan geregeld worden. Ideaal voor klanten die de grote hubs liever vermijden.<\/li>\n<\/ul>\n\n<h3><strong>Met het vliegtuig<\/strong><\/h3>\n<p><strong>Luchthaven Parijs Charles de Gaulle (CDG) :<\/strong><\/p>\n<ul>\n  <li>Tijd naar Gevraise: ongeveer 2 uur en 20 minuten met de auto<\/li>\n  <li>Bereikbaarheid: De belangrijkste internationale toegangspoort voor langeafstandsreizigers, met directe vluchten vanuit de grootste steden ter wereld.<\/li>\n  <li>Vervoersmogelijkheden: Klanten kunnen een auto huren op het vliegveld of een rechtstreekse TGV-trein naar Le Mans nemen.<\/li>\n<\/ul>\n\n<p><strong>Luchthaven Parijs Orly (ORY) :<\/strong><\/p>\n<ul>\n  <li>Tijd naar Gevraise: minder dan 2 uur rijden<\/li>\n  <li>Bereikbaarheid: Geschikt voor reizigers uit Europa en binnenlandse vluchten.<\/li>\n  <li>Vervoersmogelijkheden: Een auto huren is een populaire keuze, of een aansluitende trein nemen naar La Fert\u00e9-Bernard of Le Mans.<\/li>\n<\/ul>\n\n<p><strong>Landingsplaats voor ultralichte vliegtuigen - Saint Germain de la Coudre - Frankrijk <a href=\"https:\/\/www.rubyair.fr\/\">https:\/\/www.rubyair.fr\/<\/a><\/strong><\/p>\n<ul>\n  <li>Tijd tot Gevraise: ongeveer 10 minuten met de auto of 90 minuten te voet<\/li>\n<\/ul>\n\n<h3><strong>Met de auto<\/strong><\/h3>\n<p><strong>Van Parijs :<\/strong><\/p>\n<ul>\n  <li>Tijd: Ongeveer 2 uur rijden via de snelweg A11.<\/li>\n  <li>Routebeschrijving: Neem de snelweg A11 richting Le Mans en neem de afslag bij La Fert\u00e9-Bernard, volg de borden naar het landgoed.<\/li>\n<\/ul>\n\n<p><strong>Van Le Mans :<\/strong><\/p>\n<ul>\n  <li>Tijd: 50 minuten via de D1 en kleinere lokale wegen voor een schilderachtige rit door het platteland.<\/li>\n<\/ul>\n[\/et_pb_text][\/et_pb_column][\/et_pb_row][\/et_pb_section]","protected":false},"excerpt":{"rendered":"<p>Nous trouverEmplacement exact Adresse What3Words : \/\/\/cucumbers.trek.citadel Coordonn\u00e9es g\u00e9ographiques : Latitude 48.282611, Longitude 0.975139 En train Gare TGV Le Mans : Temps jusqu&rsquo;\u00e0 Gevraise : 50 minutes en voiture Acc\u00e8s TGV : Hub majeur avec des connexions directes depuis Paris (Montparnasse), prenant moins d&rsquo;une heure. Transport depuis la gare : Les clients peuvent louer une [&hellip;]<\/p>","protected":false},"author":1,"featured_media":0,"parent":0,"menu_order":0,"comment_status":"closed","ping_status":"closed","template":"","meta":{"_et_pb_use_builder":"on","_et_pb_old_content":"","_et_gb_content_width":"","footnotes":""},"class_list":["post-1678","page","type-page","status-publish","hentry"],"_links":{"self":[{"href":"https:\/\/gevraise.com\/nl\/wp-json\/wp\/v2\/pages\/1678","targetHints":{"allow":["GET"]}}],"collection":[{"href":"https:\/\/gevraise.com\/nl\/wp-json\/wp\/v2\/pages"}],"about":[{"href":"https:\/\/gevraise.com\/nl\/wp-json\/wp\/v2\/types\/page"}],"author":[{"embeddable":true,"href":"https:\/\/gevraise.com\/nl\/wp-json\/wp\/v2\/users\/1"}],"replies":[{"embeddable":true,"href":"https:\/\/gevraise.com\/nl\/wp-json\/wp\/v2\/comments?post=1678"}],"version-history":[{"count":6,"href":"https:\/\/gevraise.com\/nl\/wp-json\/wp\/v2\/pages\/1678\/revisions"}],"predecessor-version":[{"id":1776,"href":"https:\/\/gevraise.com\/nl\/wp-json\/wp\/v2\/pages\/1678\/revisions\/1776"}],"wp:attachment":[{"href":"https:\/\/gevraise.com\/nl\/wp-json\/wp\/v2\/media?parent=1678"}],"curies":[{"name":"wp","href":"https:\/\/api.w.org\/{rel}","templated":true}]}}