{"id":2684,"date":"2025-11-10T14:45:39","date_gmt":"2025-11-10T14:45:39","guid":{"rendered":"https:\/\/gevraise.com\/?page_id=2684"},"modified":"2025-11-10T14:56:29","modified_gmt":"2025-11-10T14:56:29","slug":"lemans","status":"publish","type":"page","link":"https:\/\/gevraise.com\/de\/lemans\/","title":{"rendered":"Le Mans"},"content":{"rendered":"<p>[et_pb_section fb_built=\u00a0\u00bb1&Prime; _builder_version=\u00a0\u00bb4.21.0&Prime; _module_preset=\u00a0\u00bbdefault\u00a0\u00bb global_colors_info=\u00a0\u00bb{}\u00a0\u00bb][et_pb_row _builder_version=\u00a0\u00bb4.21.0&Prime; _module_preset=\u00a0\u00bbdefault\u00a0\u00bb global_colors_info=\u00a0\u00bb{}\u00a0\u00bb][et_pb_column type=\u00a0\u00bb4_4&Prime; _builder_version=\u00a0\u00bb4.21.0&Prime; _module_preset=\u00a0\u00bbdefault\u00a0\u00bb global_colors_info=\u00a0\u00bb{}\u00a0\u00bb][et_pb_text _builder_version=\u00a0\u00bb4.21.0&Prime; _module_preset=\u00a0\u00bbdefault\u00a0\u00bb global_colors_info=\u00a0\u00bb{}\u00a0\u00bb]<\/p>\n<h1><b>Le Mans - Rennstrecke der Sarthe<\/b><span style=\"font-weight: 400;\"><\/span><\/h1>\n<p>[\/et_pb_text][\/et_pb_column][\/et_pb_row][et_pb_row _builder_version=\u00a0\u00bb4.21.0&Prime; _module_preset=\u00a0\u00bbdefault\u00a0\u00bb min_height=\u00a0\u00bb35.2px\u00a0\u00bb custom_padding=\u00a0\u00bb0px||0px|||\u00a0\u00bb global_colors_info=\u00a0\u00bb{}\u00a0\u00bb][et_pb_column type=\u00a0\u00bb4_4&Prime; _builder_version=\u00a0\u00bb4.21.0&Prime; _module_preset=\u00a0\u00bbdefault\u00a0\u00bb global_colors_info=\u00a0\u00bb{}\u00a0\u00bb][et_pb_button button_url=\u00a0\u00bbhttps:\/\/gevraise.com\/contact\/\u00a0\u00bb button_text=\u00a0\u00bbContact\u00a0\u00bb _builder_version=\u00a0\u00bb4.21.0&Prime; _module_preset=\u00a0\u00bbdefault\u00a0\u00bb custom_padding=\u00a0\u00bb0px|||||\u00a0\u00bb global_colors_info=\u00a0\u00bb{}\u00a0\u00bb][\/et_pb_button][\/et_pb_column][\/et_pb_row][et_pb_row _builder_version=\u00a0\u00bb4.21.0&Prime; _module_preset=\u00a0\u00bbdefault\u00a0\u00bb min_height=\u00a0\u00bb1035.4px\u00a0\u00bb custom_padding=\u00a0\u00bb0px|||||\u00a0\u00bb global_colors_info=\u00a0\u00bb{}\u00a0\u00bb][et_pb_column type=\u00a0\u00bb4_4&Prime; _builder_version=\u00a0\u00bb4.21.0&Prime; _module_preset=\u00a0\u00bbdefault\u00a0\u00bb global_colors_info=\u00a0\u00bb{}\u00a0\u00bb][et_pb_text _builder_version=\u00a0\u00bb4.21.0&Prime; _module_preset=\u00a0\u00bbdefault\u00a0\u00bb min_height=\u00a0\u00bb957.4px\u00a0\u00bb global_colors_info=\u00a0\u00bb{}\u00a0\u00bb]<\/p>\n<p>&nbsp;<\/p>\n<hr \/>\n<p>&nbsp;<\/p>\n<h3><b>Ihre ideale Basis, um die Exzellenz der Rennen von Le Mans zu erleben<\/b><b><\/b><b><\/b><\/h3>\n<p><b>Willkommen in Gevraise - Wo die Leidenschaft des Rennens auf Komfort trifft<\/b><\/p>\n<p><span style=\"font-weight: 400;\">Nur 50 Minuten vom legend\u00e4ren Circuit de la Sarthe entfernt, bietet Gevraise den idealen Standort f\u00fcr Rennteams, Enthusiasten und Fans, die nach der perfekten Mischung aus Bequemlichkeit und Ruhe w\u00e4hrend der Veranstaltungen in Le Mans suchen.<\/span><b><\/b><\/p>\n<h3><span style=\"font-weight: 400;\"><b>Warum Teams sich f\u00fcr Gevraise entscheiden<\/b><\/span><\/h3>\n<p><span style=\"font-weight: 400;\">Gevraise liegt im Herzen der Region Perche und befindet sich in der N\u00e4he der Rennstrecke, bietet aber gleichzeitig einen ruhigen R\u00fcckzugsort von der Intensit\u00e4t des Rennstreckenrandes. Egal, ob Sie hier die ikonischen 24 Stunden von Le Mans, Testsitzungen oder eine der vielen Rennveranstaltungen besuchen, hier finden Sie alles, was Sie brauchen, um sich auf die Leistung zu konzentrieren.<\/span><\/p>\n<p><span style=\"font-weight: 400;\"><b>Strategische Vorteile f\u00fcr Ihr Team:<\/b><\/span><span style=\"font-weight: 400;\"><\/span><\/p>\n<ul>\n<li><span style=\"font-weight: 400;\">1.400 m\u00b2 gro\u00dfer, mit Beton verst\u00e4rkter Rasenparkplatz (<\/span><span style=\"font-weight: 400;\">Spezifikationen des Parkplatzes<\/span><span style=\"font-weight: 400;\">)<\/span><\/li>\n<li><span style=\"font-weight: 400;\">Gro\u00dfz\u00fcgige Einrichtungen, die sich perfekt f\u00fcr Teambesprechungen und Strategiesitzungen eignen<\/span><\/li>\n<li><span style=\"font-weight: 400;\">Ruhige Umgebung ideal zum Ausruhen und Erholen zwischen den Sitzungen<\/span><\/li>\n<\/ul>\n<h3><b>Ihr Chez-Vous de Course Weit weg von zu Hause<\/b><\/h3>\n<p><span style=\"font-weight: 400;\">In Gevraise verstehen wir die einzigartigen Bed\u00fcrfnisse von Motorsportprofis und begeisterten Fans. Wir haben einen Ort geschaffen, an dem Rennsportkultur auf franz\u00f6sische Gastfreundschaft trifft - wo Sie beim Fr\u00fchst\u00fcck die Rundenzeiten analysieren, die Action des Tages in aller Gem\u00fctlichkeit begutachten und in aller Ruhe die Strategie f\u00fcr morgen planen k\u00f6nnen.<\/span><\/p>\n<p><span style=\"font-weight: 400;\">Ob Sie nun an einem Wettkampf teilnehmen, ihn unterst\u00fctzen oder einfach nur Ihre Leidenschaft f\u00fcr Langstreckenrennen ausleben - Gevraise bietet die Grundlage f\u00fcr ein unvergessliches Erlebnis in Le Mans.<\/span><\/p>\n<h3><span style=\"font-weight: 400;\"><b>F\u00fcr Rennsportbegeisterte<\/b><\/span><\/h3>\n<p><span style=\"font-weight: 400;\">Erleben Sie Le Mans so, wie es sein sollte. Bleiben Sie nah genug, um den Puls der Renngeschichte zu sp\u00fcren, und gleichzeitig weit genug entfernt, um den authentischen Charme der franz\u00f6sischen Landschaft zu genie\u00dfen. Wachen Sie ausgeruht und bereit f\u00fcr den Renntag auf, kehren Sie nach dem Fallen der Zielflagge in den Komfort zur\u00fcck.<\/span><\/p>\n<p><span style=\"font-weight: 400;\">Unser Standort bietet das authentische Erlebnis von Le Mans ohne Kompromisse bei Bequemlichkeit oder Qualit\u00e4t. Die einladende Atmosph\u00e4re von Gevraise verleiht Ihrem Rennerlebnis eine besondere Dimension.<\/span><\/p>\n<p><b>Buchen Sie Ihren Aufenthalt und schlie\u00dfen Sie sich der Renngemeinschaft an, die Gevraise w\u00e4hrend der Le Mans-Saison zu ihrem Zuhause macht.<\/b><\/p>\n<p><b>Kontaktieren Sie uns noch heute, um \u00fcber Teambuchungen, Gruppenbuchungen und Saisonpauschalen zu sprechen.<\/b><\/p>\n<p>[\/et_pb_text][et_pb_button button_url=\u00a0\u00bbhttps:\/\/gevraise.com\/contact\/\u00a0\u00bb button_text=\u00a0\u00bbContact\u00a0\u00bb _builder_version=\u00a0\u00bb4.21.0&Prime; _module_preset=\u00a0\u00bbdefault\u00a0\u00bb custom_padding=\u00a0\u00bb0px|||||\u00a0\u00bb global_colors_info=\u00a0\u00bb{}\u00a0\u00bb][\/et_pb_button][\/et_pb_column][\/et_pb_row][\/et_pb_section]<\/p>","protected":false},"excerpt":{"rendered":"<p>Le Mans \u2013 Circuit de la Sarthe&nbsp; &nbsp; Votre Base Id\u00e9ale pour Vivre l&rsquo;Excellence des Courses du Mans Bienvenue \u00e0 Gevraise \u2013 O\u00f9 la Passion de la Course Rencontre le Confort \u00c0 seulement 50 minutes du l\u00e9gendaire Circuit de la Sarthe, Gevraise offre l&#8217;emplacement id\u00e9al pour les \u00e9quipes de course, les passionn\u00e9s et les fans [&hellip;]<\/p>","protected":false},"author":1,"featured_media":0,"parent":0,"menu_order":0,"comment_status":"closed","ping_status":"closed","template":"","meta":{"_et_pb_use_builder":"on","_et_pb_old_content":"","_et_gb_content_width":"","footnotes":""},"class_list":["post-2684","page","type-page","status-publish","hentry"],"_links":{"self":[{"href":"https:\/\/gevraise.com\/de\/wp-json\/wp\/v2\/pages\/2684","targetHints":{"allow":["GET"]}}],"collection":[{"href":"https:\/\/gevraise.com\/de\/wp-json\/wp\/v2\/pages"}],"about":[{"href":"https:\/\/gevraise.com\/de\/wp-json\/wp\/v2\/types\/page"}],"author":[{"embeddable":true,"href":"https:\/\/gevraise.com\/de\/wp-json\/wp\/v2\/users\/1"}],"replies":[{"embeddable":true,"href":"https:\/\/gevraise.com\/de\/wp-json\/wp\/v2\/comments?post=2684"}],"version-history":[{"count":3,"href":"https:\/\/gevraise.com\/de\/wp-json\/wp\/v2\/pages\/2684\/revisions"}],"predecessor-version":[{"id":2702,"href":"https:\/\/gevraise.com\/de\/wp-json\/wp\/v2\/pages\/2684\/revisions\/2702"}],"wp:attachment":[{"href":"https:\/\/gevraise.com\/de\/wp-json\/wp\/v2\/media?parent=2684"}],"curies":[{"name":"wp","href":"https:\/\/api.w.org\/{rel}","templated":true}]}}