{"id":2664,"date":"2025-10-28T19:21:27","date_gmt":"2025-10-28T19:21:27","guid":{"rendered":"https:\/\/gevraise.com\/?page_id=2664"},"modified":"2025-10-28T19:47:34","modified_gmt":"2025-10-28T19:47:34","slug":"golftours","status":"publish","type":"page","link":"https:\/\/gevraise.com\/de\/golftours\/","title":{"rendered":"Golf Tours"},"content":{"rendered":"<p>[et_pb_section fb_built=\u00a0\u00bb1&Prime; _builder_version=\u00a0\u00bb4.21.0&Prime; _module_preset=\u00a0\u00bbdefault\u00a0\u00bb global_colors_info=\u00a0\u00bb{}\u00a0\u00bb][et_pb_row _builder_version=\u00a0\u00bb4.21.0&Prime; _module_preset=\u00a0\u00bbdefault\u00a0\u00bb global_colors_info=\u00a0\u00bb{}\u00a0\u00bb][et_pb_column type=\u00a0\u00bb4_4&Prime; _builder_version=\u00a0\u00bb4.21.0&Prime; _module_preset=\u00a0\u00bbdefault\u00a0\u00bb global_colors_info=\u00a0\u00bb{}\u00a0\u00bb][et_pb_text _builder_version=\u00a0\u00bb4.21.0&Prime; _module_preset=\u00a0\u00bbdefault\u00a0\u00bb global_colors_info=\u00a0\u00bb{}\u00a0\u00bb]<\/p>\n<h1><b>Die Golfpl\u00e4tze am n\u00e4chsten zu Gevraise<\/b><span style=\"font-weight: 400;\">:<\/span><\/h1>\n<p>&nbsp;<\/p>\n<hr \/>\n<p>&nbsp;<\/p>\n<h3><strong>1. Golf de Bell\u00eame<\/strong><\/h3>\n<ul>\n<li><strong>Entfernung<\/strong>: ~11 km<\/li>\n<li><strong>Durchschnittliche Fahrzeit<\/strong>: 15 Minuten<\/li>\n<li><strong>Typ<\/strong>: 18-Loch-Meisterschaftsplatz + 3-Loch-Kompaktplatz<\/li>\n<li><strong>Beschreibung<\/strong>: Sportlicher und technischer Parcours im Herzen des regionalen Naturparks Perche, der eine weite Landschaft mit H\u00fcgeln und W\u00e4ldern \u00fcberragt. Par 72, 5.942 m. Entworfen von Eric Vialatel mit einem abwechslungsreichen Gel\u00e4nde, einigen blinden L\u00f6chern und 4 Wasserhindernissen. H\u00fcgelig mit H\u00f6henunterschieden.<\/li>\n<li><strong>Einrichtungen<\/strong>: \u00dcbungsgel\u00e4nde (26 Pl\u00e4tze, davon 8 \u00fcberdacht), Putting Green, \u00dcbungsbunker, Pro Shop, Restaurant, Hotel vor Ort (Normandy Country Club), 16 Golfwagen, Kurse\/Studieng\u00e4nge<\/li>\n<li><strong>Website<\/strong>: <a href=\"https:\/\/www.golfdebelleme.com\/\">https:\/\/www.golfdebelleme.com\/<\/a><\/li>\n<\/ul>\n<hr \/>\n<h3><strong>2. Golf du Perche<\/strong><\/h3>\n<ul>\n<li><strong>Entfernung<\/strong>: ~18 km<\/li>\n<li><strong>Durchschnittliche Fahrzeit<\/strong>: <span style=\"font-weight: 400;\">20-25 Minuten<\/span><\/li>\n<li><strong>Typ<\/strong>: <span style=\"font-weight: 400;\">Park\u00e4hnlicher 18-Loch-Golfplatz<\/span><\/li>\n<li><strong>Beschreibung<\/strong>: <span style=\"font-weight: 400;\">Gegr\u00fcndet 1987 auf dem Familiengut \"La Vall\u00e9e des Aulnes\" in Souanc\u00e9-au-Perche. Nat\u00fcrliche und bewaldete Umgebung mit h\u00fcgeligem Gel\u00e4nde, Wasserspielen und alten B\u00e4umen. Par 72, ca. 6.055 m. Bietet spektakul\u00e4re Ausblicke auf die Region Perche.<\/span><\/li>\n<li><strong>Einrichtungen<\/strong>: <span style=\"font-weight: 400;\">Driving Range, Putting Green, Kurzspielbereich, Pro Shop, Restaurant, Kurse, Schl\u00e4gerverleih, Tagungsr\u00e4ume<\/span><\/li>\n<li><strong>Website<\/strong>: <a href=\"https:\/\/www.golfduperche.com\/\"><span style=\"font-weight: 400;\">https:\/\/www.golfduperche.com\/<\/span><\/a><\/li>\n<\/ul>\n<hr \/>\n<h3><b>3. Golf d'Alen\u00e7on en Ar\u00e7onnay<\/b><span style=\"font-weight: 400;\"><\/span><\/h3>\n<ul>\n<li><strong>Entfernung<\/strong>: <span style=\"font-weight: 400;\">~35 km<\/span><\/li>\n<li><strong>Durchschnittliche Fahrzeit<\/strong>: <span style=\"font-weight: 400;\">35-40 Minuten<\/span><\/li>\n<li><strong>Typ<\/strong>: <span style=\"font-weight: 400;\">Technischer 9-Loch-Platz (spielbar als 18 mit verschiedenen Abschl\u00e4gen)<\/span><\/li>\n<li><strong>Beschreibung<\/strong>: <span style=\"font-weight: 400;\">Technisch anspruchsvoller 9-Loch-Platz mit einem Slope von 133. Par 36, 2.950 Meter. Weist Wasserhindernisse, B\u00e4ume und Out-of-Bounds auf. Flaches Gel\u00e4nde in einer l\u00e4ndlichen Umgebung, 5 Minuten von Alen\u00e7on entfernt.<\/span><\/li>\n<li><strong>Einrichtungen<\/strong>: <span style=\"font-weight: 400;\">\u00dcbungsgel\u00e4nde (\u00fcberdacht und im Freien), Putting Green, Approach Green, \u00dcbungsbunker, Pro Shop, Bar, Schl\u00e4gerverleih, Kurse<\/span><\/li>\n<li><strong>Website<\/strong>: <a href=\"https:\/\/www.alencon.golf\/\"><span style=\"font-weight: 400;\">https:\/\/www.alencon.golf\/<\/span><\/a><\/li>\n<\/ul>\n<hr \/>\n<h3><b>4. Le Mans Golf Club - Sarg\u00e9<\/b><\/h3>\n<ul>\n<li><strong>Entfernung<\/strong>: <span style=\"font-weight: 400;\">~43 km<\/span><\/li>\n<li><strong>Durchschnittliche Fahrzeit<\/strong>: <span style=\"font-weight: 400;\">45 Minuten<\/span><\/li>\n<li><strong>Typ<\/strong>: <span style=\"font-weight: 400;\">18-Loch-Parkour + 3-Loch-Pitch &amp; Putt<\/span><\/li>\n<li><strong>Beschreibung<\/strong>: <span style=\"font-weight: 400;\">Entworfen von Antoine d'Ormesson, er\u00f6ffnet 1989. Par 72, 6.012 m. Bewaldeter Park mit \u00fcber 100 Baumarten, breiten Fairways, zahlreichen Doglegs und gut platzierten Bunkern. F\u00fcnf Minuten von Le Mans entfernt.<\/span><\/li>\n<li><strong>Einrichtungen<\/strong>: <span style=\"font-weight: 400;\">Driving Range (\u00fcberdacht und im Freien), Putting Green, Approach Green, Pro Shop, Panoramarestaurant, Schl\u00e4gerverleih, Unterricht, Golfwagen<\/span><\/li>\n<li><strong>Website<\/strong>: <a href=\"https:\/\/www.lemansgolfclub.com\/\"><span style=\"font-weight: 400;\">https:\/\/www.lemansgolfclub.com\/<\/span><\/a><\/li>\n<\/ul>\n<hr \/>\n<h3><b>5. Golf des 24 Heures - Le Mans<\/b><span style=\"font-weight: 400;\"><\/span><\/h3>\n<ul>\n<li><strong>Entfernung<\/strong>: <span style=\"font-weight: 400;\">~56 km<\/span><\/li>\n<li><strong>Durchschnittliche Fahrzeit<\/strong>: <span style=\"font-weight: 400;\">55 Minuten-1 Stunde<\/span><\/li>\n<li><strong>Typ<\/strong>: <span style=\"font-weight: 400;\">18-Loch-Golfplatz im Wald<\/span><\/li>\n<li><strong>Beschreibung<\/strong>: <span style=\"font-weight: 400;\">Liegt innerhalb der ber\u00fchmten Rennstrecke f\u00fcr die 24 Stunden von Le Mans am Ende der Geraden von Les Hunaudi\u00e8res in Mulsanne. Par 71, 5.741 Meter. Wurde 1962 angelegt und von P. Pfenning entworfen. Kiefernwald-Umgebung mit Sandboden (ganzj\u00e4hrig bespielbar), Heidekraut-Roughs, ohne Wasserhindernisse. Die ersten 9 L\u00f6cher verf\u00fcgen \u00fcber eine Nachtbeleuchtung.<\/span><\/li>\n<li><strong>Einrichtungen<\/strong>: <span style=\"font-weight: 400;\">\u00dcbungsgel\u00e4nde, Putting Green, Pitch &amp; Putt 3 L\u00f6cher, Pro Shop, Restaurant mit Blick auf die Rennstrecke, Unterricht, Schl\u00e4gerverleih<\/span><\/li>\n<li><strong>Website<\/strong>: <a href=\"https:\/\/www.golfdes24heures.fr\/\"><span style=\"font-weight: 400;\">https:\/\/www.golfdes24heures.fr\/<\/span><\/a><\/li>\n<\/ul>\n<hr \/>\n<h3><b>6. Golf de Sabl\u00e9-Solesmes<\/b><span style=\"font-weight: 400;\"><\/span><\/h3>\n<ul>\n<li><strong>Entfernung<\/strong>: <span style=\"font-weight: 400;\">~71 km<\/span><\/li>\n<li><strong>Durchschnittliche Fahrzeit<\/strong>: <span style=\"font-weight: 400;\">1 Stunde 10 Minuten<\/span><\/li>\n<li><strong>Typ<\/strong>: <span style=\"font-weight: 400;\">Park\u00e4hnlicher 18-Loch-Golfplatz<\/span><\/li>\n<li><strong>Beschreibung<\/strong>: <span style=\"font-weight: 400;\">Dieser Golfplatz liegt in der N\u00e4he von Sabl\u00e9-sur-Sarthe und bietet eine abwechslungsreiche Streckenf\u00fchrung in einer nat\u00fcrlichen Umgebung. Weiter entfernte Option f\u00fcr diejenigen, die verschiedene Parcours in der Region erkunden m\u00f6chten.<\/span><\/li>\n<li><strong>Einrichtungen<\/strong>: <span style=\"font-weight: 400;\">Trainingseinrichtungen, Clubhaus, Restaurant<\/span><\/li>\n<li><strong>Website<\/strong>: <span style=\"font-weight: 400;\"><a href=\"https:\/\/www.golfsablesolesmes.com\/\">https:\/\/www.golfsablesolesmes.com\/<\/a><a href=\"https:\/\/www.golfsablesolesmes.com\/\"><\/a><\/span><\/li>\n<\/ul>\n<hr \/>\n<p><span style=\"font-weight: 400;\"><b>Hinweis:<\/b> Die Fahrtzeiten sind ungef\u00e4hre Angaben und k\u00f6nnen je nach Verkehr und Stra\u00dfenverh\u00e4ltnissen variieren. Golf de Bell\u00eame ist bei weitem die n\u00e4chstgelegene M\u00f6glichkeit und am besten von Gevraise - Bellou le Trichard aus erreichbar.<\/span><\/p>\n<p>[\/et_pb_text][\/et_pb_column][\/et_pb_row][\/et_pb_section][et_pb_section fb_built=\u00a0\u00bb1&Prime; disabled_on=\u00a0\u00bboff|off|off\u00a0\u00bb admin_label=\u00a0\u00bbFooter &#8211; 1&Prime; _builder_version=\u00a0\u00bb4.21.0&Prime; use_background_color_gradient=\u00a0\u00bbon\u00a0\u00bb background_color_gradient_direction=\u00a0\u00bb150deg\u00a0\u00bb background_color_gradient_stops=\u00a0\u00bb#2f3a44 25%|rgba(38,46,53,0) 100%\u00a0\u00bb background_color_gradient_overlays_image=\u00a0\u00bbon\u00a0\u00bb background_color_gradient_start=\u00a0\u00bb#2f3a44&Prime; background_color_gradient_start_position=\u00a0\u00bb25%\u00a0\u00bb background_color_gradient_end=\u00a0\u00bbrgba(38,46,53,0)\u00a0\u00bb background_image=\u00a0\u00bbhttps:\/\/gevraise.com\/wp-content\/uploads\/2024\/10\/Gevraise-Photo-1-1.webp\u00a0\u00bb display_conditions=\u00a0\u00bbW3siaWQiOiJjZTZiOWJlNS04ZjUwLTRjNWEtODZjMi04OWM5OWI4YjgzNGMiLCJjb25kaXRpb24iOiJwYWdlIiwiY29uZGl0aW9uU2V0dGluZ3MiOnsiZGlzcGxheVJ1bGUiOiJpc05vdCIsImR5bmFtaWNQb3N0cyI6W3sibGFiZWwiOiJIaXN0b2lyZSBkZSBHZXZyYWlzZSAoQ29weXJpZ2h0KSIsInZhbHVlIjoiMTgyNyJ9XSwicG9zdFR5cGVMYWJlbCI6IlBhZ2VzIiwiYWRtaW5MYWJlbCI6IlBhZ2VzIiwiZW5hYmxlQ29uZGl0aW9uIjoib24ifSwib3BlcmF0b3IiOiJPUiJ9XQ==\u00a0\u00bb custom_padding=\u00a0\u00bb8vw|0px|280px|0px|false|false\u00a0\u00bb global_module=\u00a0\u00bb212&Prime; saved_tabs=\u00a0\u00bball\u00a0\u00bb locked=\u00a0\u00bboff\u00a0\u00bb global_colors_info=\u00a0\u00bb{}\u00a0\u00bb][et_pb_row column_structure=\u00a0\u00bb1_2,1_2&Prime; use_custom_gutter=\u00a0\u00bbon\u00a0\u00bb make_equal=\u00a0\u00bbon\u00a0\u00bb _builder_version=\u00a0\u00bb4.16&Prime; global_colors_info=\u00a0\u00bb{}\u00a0\u00bb][et_pb_column type=\u00a0\u00bb1_2&Prime; _builder_version=\u00a0\u00bb4.16&Prime; custom_padding=\u00a0\u00bb|||\u00a0\u00bb global_colors_info=\u00a0\u00bb{}\u00a0\u00bb custom_padding__hover=\u00a0\u00bb|||\u00a0\u00bb][et_pb_text _builder_version=\u00a0\u00bb4.21.0&Prime; text_font=\u00a0\u00bb||||||||\u00a0\u00bb text_font_size=\u00a0\u00bb16px\u00a0\u00bb text_line_height=\u00a0\u00bb2em\u00a0\u00bb header_font=\u00a0\u00bb||||||||\u00a0\u00bb header_2_font=\u00a0\u00bbRaleway|700|||||||\u00a0\u00bb header_2_font_size=\u00a0\u00bb50px\u00a0\u00bb header_2_line_height=\u00a0\u00bb1.2em\u00a0\u00bb header_6_font=\u00a0\u00bbRaleway|700||on|||||\u00a0\u00bb header_6_font_size=\u00a0\u00bb16px\u00a0\u00bb header_6_letter_spacing=\u00a0\u00bb5px\u00a0\u00bb header_6_line_height=\u00a0\u00bb1.8em\u00a0\u00bb background_layout=\u00a0\u00bbdark\u00a0\u00bb max_width_tablet=\u00a0\u00bb\u00a0\u00bb max_width_phone=\u00a0\u00bb\u00a0\u00bb max_width_last_edited=\u00a0\u00bbon|desktop\u00a0\u00bb header_2_font_size_tablet=\u00a0\u00bb35px\u00a0\u00bb header_2_font_size_phone=\u00a0\u00bb25px\u00a0\u00bb header_2_font_size_last_edited=\u00a0\u00bbon|phone\u00a0\u00bb locked=\u00a0\u00bboff\u00a0\u00bb global_colors_info=\u00a0\u00bb{}\u00a0\u00bb]<\/p>\n<h6><span data-sheets-root=\"1\">NEHMEN SIE KONTAKT AUF<\/span><\/h6>\n<p>[\/et_pb_text][\/et_pb_column][et_pb_column type=\u00a0\u00bb1_2&Prime; _builder_version=\u00a0\u00bb4.16&Prime; custom_padding=\u00a0\u00bb|||\u00a0\u00bb custom_padding_tablet=\u00a0\u00bb0px||0px||true\u00a0\u00bb global_colors_info=\u00a0\u00bb{}\u00a0\u00bb padding_tablet=\u00a0\u00bb0px||0px||true\u00a0\u00bb custom_padding__hover=\u00a0\u00bb|||\u00a0\u00bb][\/et_pb_column][\/et_pb_row][\/et_pb_section][et_pb_section fb_built=\u00a0\u00bb1&Prime; admin_label=\u00a0\u00bbFooter &#8211; 2&Prime; _builder_version=\u00a0\u00bb4.21.0&Prime; background_color=\u00a0\u00bbgcid-0b1c429e-f61d-4890-b003-51b44ca52443&Prime; width=\u00a0\u00bb100%\u00a0\u00bb max_width=\u00a0\u00bb100%\u00a0\u00bb max_width_phone=\u00a0\u00bb100%\u00a0\u00bb max_width_last_edited=\u00a0\u00bboff|desktop\u00a0\u00bb display_conditions=\u00a0\u00bbW3siaWQiOiJjZWE1MDRjMS1hZjk0LTQ4NWYtOWRkZi1kMGVjMDg4M2RmOWQiLCJjb25kaXRpb24iOiJwYWdlIiwiY29uZGl0aW9uU2V0dGluZ3MiOnsiZGlzcGxheVJ1bGUiOiJpc05vdCIsImR5bmFtaWNQb3N0cyI6W3sibGFiZWwiOiJIaXN0b2lyZSBkZSBHZXZyYWlzZSAoQ29weXJpZ2h0KSIsInZhbHVlIjoiMTgyNyJ9XSwicG9zdFR5cGVMYWJlbCI6IlBhZ2VzIiwiYWRtaW5MYWJlbCI6IlBhZ2VzIiwiZW5hYmxlQ29uZGl0aW9uIjoib24ifSwib3BlcmF0b3IiOiJPUiJ9XQ==\u00a0\u00bb custom_margin=\u00a0\u00bb||||false|false\u00a0\u00bb border_color_all=\u00a0\u00bbgcid-0b1c429e-f61d-4890-b003-51b44ca52443&Prime; border_width_left_tablet=\u00a0\u00bb10vw\u00a0\u00bb border_width_left_phone=\u00a0\u00bb0vw\u00a0\u00bb border_width_left_last_edited=\u00a0\u00bboff|desktop\u00a0\u00bb global_module=\u00a0\u00bb226&Prime; saved_tabs=\u00a0\u00bball\u00a0\u00bb locked=\u00a0\u00bboff\u00a0\u00bb collapsed=\u00a0\u00bboff\u00a0\u00bb global_colors_info=\u00a0\u00bb{%22gcid-0b1c429e-f61d-4890-b003-51b44ca52443%22:%91%22background_color%22,%22border_color_all%22%93}\u00a0\u00bb][et_pb_row _builder_version=\u00a0\u00bb4.21.0&Prime; width=\u00a0\u00bb100%\u00a0\u00bb custom_width_px=\u00a0\u00bb800px\u00a0\u00bb global_colors_info=\u00a0\u00bb{}\u00a0\u00bb][et_pb_column type=\u00a0\u00bb4_4&Prime; _builder_version=\u00a0\u00bb4.21.0&Prime; custom_padding=\u00a0\u00bb|||\u00a0\u00bb global_colors_info=\u00a0\u00bb{}\u00a0\u00bb custom_padding__hover=\u00a0\u00bb|||\u00a0\u00bb][et_pb_text _builder_version=\u00a0\u00bb4.21.0&Prime; _module_preset=\u00a0\u00bbdefault\u00a0\u00bb text_text_color=\u00a0\u00bbgcid-98f51a20-5112-4a2b-9007-6078d2b0e364&Prime; header_font=\u00a0\u00bbContralto Big|300|||||||\u00a0\u00bb header_2_font=\u00a0\u00bbContralto Big||||||||\u00a0\u00bb header_2_text_color=\u00a0\u00bbgcid-98f51a20-5112-4a2b-9007-6078d2b0e364&Prime; global_colors_info=\u00a0\u00bb{%22gcid-98f51a20-5112-4a2b-9007-6078d2b0e364%22:%91%22header_2_text_color%22,%22text_text_color%22%93}\u00a0\u00bb]<\/p>\n<h2 style=\"text-align: center;\"><span dir=\"auto\" style=\"vertical-align: inherit;\"><span dir=\"auto\" style=\"vertical-align: inherit;\">KONTAKTIEREN SIE UNS F\u00dcR WEITERE INFORMATIONEN<\/span><\/span><\/h2>\n<p>[\/et_pb_text][\/et_pb_column][\/et_pb_row][et_pb_row column_structure=\u00a0\u00bb1_3,1_3,1_3&Prime; _builder_version=\u00a0\u00bb4.21.0&Prime; width=\u00a0\u00bb90%\u00a0\u00bb module_alignment=\u00a0\u00bbcenter\u00a0\u00bb custom_css_main_element=\u00a0\u00bb  display: flex;||  flex-wrap: wrap;||  gap: 30px 80px;||  justify-content: center;||  align-items: center;||  margin: 0 auto;||  max-width: 1180px !important;||  width: 90% !important;\u00a0\u00bb custom_css_after=\u00a0\u00bbdisplay: none;\u00a0\u00bb custom_width_px=\u00a0\u00bb800px\u00a0\u00bb global_colors_info=\u00a0\u00bb{}\u00a0\u00bb][et_pb_column type=\u00a0\u00bb1_3&Prime; _builder_version=\u00a0\u00bb4.21.0&Prime; custom_padding=\u00a0\u00bb|||\u00a0\u00bb custom_css_main_element=\u00a0\u00bbmargin-right: 0 !important;width: fit-content !important;\u00a0\u00bb global_colors_info=\u00a0\u00bb{}\u00a0\u00bb custom_padding__hover=\u00a0\u00bb|||\u00a0\u00bb][et_pb_blurb title=\u00a0\u00bbGevraise, Bellou le Trichard, 61130, France\u00a0\u00bb url_new_window=\u00a0\u00bbon\u00a0\u00bb use_icon=\u00a0\u00bbon\u00a0\u00bb font_icon=\u00a0\u00bb&#xe081;||divi||400&Prime; icon_color=\u00a0\u00bbgcid-b199c97b-4bc0-42dc-9dc3-0d89cfa1e059&Prime; icon_placement=\u00a0\u00bbleft\u00a0\u00bb image_icon_width=\u00a0\u00bb24px\u00a0\u00bb _builder_version=\u00a0\u00bb4.21.0&Prime; header_level=\u00a0\u00bbh5&Prime; header_font=\u00a0\u00bbRaleway|700|||||||\u00a0\u00bb header_line_height=\u00a0\u00bb1.4em\u00a0\u00bb width=\u00a0\u00bb100%\u00a0\u00bb module_alignment=\u00a0\u00bbcenter\u00a0\u00bb custom_padding=\u00a0\u00bb|0px||||\u00a0\u00bb link_option_url=\u00a0\u00bbhttps:\/\/maps.app.goo.gl\/vPJdtBfgYRCDx9d18&Prime; link_option_url_new_window=\u00a0\u00bbon\u00a0\u00bb icon_font_size=\u00a0\u00bb24px\u00a0\u00bb global_colors_info=\u00a0\u00bb{%22gcid-b199c97b-4bc0-42dc-9dc3-0d89cfa1e059%22:%91%22icon_color%22%93,%22gcid-0b1c429e-f61d-4890-b003-51b44ca52443%22:%91%22image_icon_background_color%22%93}\u00a0\u00bb][\/et_pb_blurb][\/et_pb_column][et_pb_column type=\u00a0\u00bb1_3&Prime; _builder_version=\u00a0\u00bb4.21.0&Prime; custom_padding=\u00a0\u00bb|||\u00a0\u00bb custom_css_main_element=\u00a0\u00bbmargin-right: 0 !important;width: fit-content !important;\u00a0\u00bb global_colors_info=\u00a0\u00bb{}\u00a0\u00bb custom_padding__hover=\u00a0\u00bb|||\u00a0\u00bb][et_pb_blurb title=\u00a0\u00bbinfo@gevraise.com\u00a0\u00bb url=\u00a0\u00bbmailto:info@gevraise.com\u00a0\u00bb url_new_window=\u00a0\u00bbon\u00a0\u00bb use_icon=\u00a0\u00bbon\u00a0\u00bb font_icon=\u00a0\u00bb&#xe076;||divi||400&Prime; icon_color=\u00a0\u00bbgcid-b199c97b-4bc0-42dc-9dc3-0d89cfa1e059&Prime; icon_placement=\u00a0\u00bbleft\u00a0\u00bb image_icon_width=\u00a0\u00bb24px\u00a0\u00bb _builder_version=\u00a0\u00bb4.21.0&Prime; header_level=\u00a0\u00bbh5&Prime; header_font=\u00a0\u00bbRaleway|700|||||||\u00a0\u00bb header_line_height=\u00a0\u00bb1.4em\u00a0\u00bb module_alignment=\u00a0\u00bbcenter\u00a0\u00bb link_option_url=\u00a0\u00bbmailto:info@gevraise.com\u00a0\u00bb link_option_url_new_window=\u00a0\u00bbon\u00a0\u00bb icon_font_size=\u00a0\u00bb24px\u00a0\u00bb global_colors_info=\u00a0\u00bb{%22gcid-b199c97b-4bc0-42dc-9dc3-0d89cfa1e059%22:%91%22icon_color%22%93,%22gcid-0b1c429e-f61d-4890-b003-51b44ca52443%22:%91%22image_icon_background_color%22%93}\u00a0\u00bb][\/et_pb_blurb][\/et_pb_column][et_pb_column type=\u00a0\u00bb1_3&Prime; _builder_version=\u00a0\u00bb4.21.0&Prime; custom_padding=\u00a0\u00bb|||\u00a0\u00bb custom_css_main_element=\u00a0\u00bbmargin-right: 0 !important;width: fit-content !important;\u00a0\u00bb global_colors_info=\u00a0\u00bb{}\u00a0\u00bb custom_padding__hover=\u00a0\u00bb|||\u00a0\u00bb][et_pb_social_media_follow icon_color=\u00a0\u00bb#FFFFFF\u00a0\u00bb _builder_version=\u00a0\u00bb4.21.0&Prime; background_enable_color=\u00a0\u00bboff\u00a0\u00bb background_enable_image=\u00a0\u00bboff\u00a0\u00bb background_size=\u00a0\u00bbcontain\u00a0\u00bb text_orientation=\u00a0\u00bbleft\u00a0\u00bb custom_css_main_element=\u00a0\u00bbwidth: fit-content !important;\u00a0\u00bb border_radii=\u00a0\u00bbon|100px|100px|100px|100px\u00a0\u00bb global_colors_info=\u00a0\u00bb{}\u00a0\u00bb][et_pb_social_media_follow_network social_network=\u00a0\u00bbfacebook\u00a0\u00bb url=\u00a0\u00bbhttps:\/\/www.facebook.com\/share\/17Xh6kQdKs\/?mibextid=wwXIfr\u00a0\u00bb _builder_version=\u00a0\u00bb4.21.0&Prime; background_color=\u00a0\u00bbgcid-abf3bd36-c61c-421b-b784-fae67911c442&Prime; background_enable_color=\u00a0\u00bbon\u00a0\u00bb custom_margin=\u00a0\u00bb4px|4px|4px|4px|true|true\u00a0\u00bb custom_padding=\u00a0\u00bb6px|6px|6px|6px|true|true\u00a0\u00bb global_colors_info=\u00a0\u00bb{%22gcid-abf3bd36-c61c-421b-b784-fae67911c442%22:%91%22background_color%22%93}\u00a0\u00bb follow_button=\u00a0\u00bboff\u00a0\u00bb url_new_window=\u00a0\u00bbon\u00a0\u00bb]facebook[\/et_pb_social_media_follow_network][et_pb_social_media_follow_network social_network=\u00a0\u00bblinkedin\u00a0\u00bb url=\u00a0\u00bbhttps:\/\/www.linkedin.com\/company\/gevraise\/posts\/?feedView=all\u00a0\u00bb _builder_version=\u00a0\u00bb4.21.0&Prime; _module_preset=\u00a0\u00bbdefault\u00a0\u00bb background_color=\u00a0\u00bbgcid-abf3bd36-c61c-421b-b784-fae67911c442&Prime; background_enable_color=\u00a0\u00bbon\u00a0\u00bb custom_margin=\u00a0\u00bb4px|4px|4px|4px|true|true\u00a0\u00bb custom_padding=\u00a0\u00bb6px|6px|6px|6px|true|true\u00a0\u00bb global_colors_info=\u00a0\u00bb{%22gcid-abf3bd36-c61c-421b-b784-fae67911c442%22:%91%22background_color%22%93}\u00a0\u00bb follow_button=\u00a0\u00bboff\u00a0\u00bb url_new_window=\u00a0\u00bbon\u00a0\u00bb]linkedin[\/et_pb_social_media_follow_network][\/et_pb_social_media_follow][\/et_pb_column][\/et_pb_row][\/et_pb_section][et_pb_section fb_built=\u00a0\u00bb1&Prime; _builder_version=\u00a0\u00bb4.21.0&Prime; _module_preset=\u00a0\u00bbdefault\u00a0\u00bb background_color=\u00a0\u00bbgcid-0b1c429e-f61d-4890-b003-51b44ca52443&Prime; display_conditions=\u00a0\u00bbW3siaWQiOiIxODdmMmFlMi02YzYzLTQ0ZTItOWJiZS0zZjEzMjRkMTc4NjIiLCJjb25kaXRpb24iOiJwYWdlIiwiY29uZGl0aW9uU2V0dGluZ3MiOnsiZGlzcGxheVJ1bGUiOiJpc05vdCIsImR5bmFtaWNQb3N0cyI6W3sibGFiZWwiOiJIaXN0b2lyZSBkZSBHZXZyYWlzZSAoQ29weXJpZ2h0KSIsInZhbHVlIjoiMTgyNyJ9XSwicG9zdFR5cGVMYWJlbCI6IlBhZ2VzIiwiYWRtaW5MYWJlbCI6IlBhZ2VzIiwiZW5hYmxlQ29uZGl0aW9uIjoib24ifSwib3BlcmF0b3IiOiJPUiJ9XQ==\u00a0\u00bb custom_padding=\u00a0\u00bb0px||0px||false|false\u00a0\u00bb global_colors_info=\u00a0\u00bb{%22gcid-0b1c429e-f61d-4890-b003-51b44ca52443%22:%91%22background_color%22%93}\u00a0\u00bb][et_pb_row column_structure=\u00a0\u00bb1_4,1_4,1_4,1_4&Prime; _builder_version=\u00a0\u00bb4.21.0&Prime; _module_preset=\u00a0\u00bbdefault\u00a0\u00bb global_colors_info=\u00a0\u00bb{}\u00a0\u00bb][et_pb_column type=\u00a0\u00bb1_4&Prime; _builder_version=\u00a0\u00bb4.21.0&Prime; _module_preset=\u00a0\u00bbdefault\u00a0\u00bb global_colors_info=\u00a0\u00bb{}\u00a0\u00bb][et_pb_text _builder_version=\u00a0\u00bb4.21.0&Prime; _module_preset=\u00a0\u00bbdefault\u00a0\u00bb text_font=\u00a0\u00bbRaleway||||||||\u00a0\u00bb text_font_size=\u00a0\u00bb14px\u00a0\u00bb header_4_font=\u00a0\u00bbRaleway||||||||\u00a0\u00bb header_4_text_align=\u00a0\u00bbcenter\u00a0\u00bb link_option_url=\u00a0\u00bbhttps:\/\/gevraise.com\/wp-content\/uploads\/2025\/08\/Terms-Conditions-V.3-08.25-1.pdf\u00a0\u00bb link_option_url_new_window=\u00a0\u00bbon\u00a0\u00bb global_colors_info=\u00a0\u00bb{%22gcid-b199c97b-4bc0-42dc-9dc3-0d89cfa1e059%22:%91%22link_text_color%22%93}\u00a0\u00bb]<\/p>\n<p style=\"text-align: center;\">Bedingungen &amp; Konditionen<\/p>\n<p>[\/et_pb_text][\/et_pb_column][et_pb_column type=\u00a0\u00bb1_4&Prime; _builder_version=\u00a0\u00bb4.21.0&Prime; _module_preset=\u00a0\u00bbdefault\u00a0\u00bb global_colors_info=\u00a0\u00bb{}\u00a0\u00bb][et_pb_text _builder_version=\u00a0\u00bb4.21.0&Prime; _dynamic_attributes=\u00a0\u00bblink_option_url\u00a0\u00bb _module_preset=\u00a0\u00bbdefault\u00a0\u00bb text_font=\u00a0\u00bbRaleway||||||||\u00a0\u00bb text_font_size=\u00a0\u00bb14px\u00a0\u00bb header_4_font=\u00a0\u00bbRaleway||||||||\u00a0\u00bb header_4_text_align=\u00a0\u00bbcenter\u00a0\u00bb link_option_url=\u00a0\u00bb@ET-DC@eyJkeW5hbWljIjp0cnVlLCJjb250ZW50IjoicG9zdF9saW5rX3VybF9wYWdlIiwic2V0dGluZ3MiOnsicG9zdF9pZCI6IjEwNDEifX0=@\u00a0\u00bb global_colors_info=\u00a0\u00bb{}\u00a0\u00bb]<\/p>\n<div>\n<p style=\"text-align: center;\">Datenschutzrichtlinie<\/p>\n<\/div>\n<p>[\/et_pb_text][\/et_pb_column][et_pb_column type=\u00a0\u00bb1_4&Prime; _builder_version=\u00a0\u00bb4.21.0&Prime; _module_preset=\u00a0\u00bbdefault\u00a0\u00bb global_colors_info=\u00a0\u00bb{}\u00a0\u00bb][et_pb_text _builder_version=\u00a0\u00bb4.21.0&Prime; _dynamic_attributes=\u00a0\u00bblink_option_url\u00a0\u00bb _module_preset=\u00a0\u00bbdefault\u00a0\u00bb text_font=\u00a0\u00bbRaleway||||||||\u00a0\u00bb text_font_size=\u00a0\u00bb14px\u00a0\u00bb header_4_font=\u00a0\u00bbRaleway||||||||\u00a0\u00bb header_4_text_align=\u00a0\u00bbcenter\u00a0\u00bb link_option_url=\u00a0\u00bb@ET-DC@eyJkeW5hbWljIjp0cnVlLCJjb250ZW50IjoicG9zdF9saW5rX3VybF9wYWdlIiwic2V0dGluZ3MiOnsicG9zdF9pZCI6IjEwMzYifX0=@\u00a0\u00bb global_colors_info=\u00a0\u00bb{}\u00a0\u00bb]<\/p>\n<p style=\"text-align: center;\">Rechtliche Hinweise<\/p>\n<p>[\/et_pb_text][\/et_pb_column][et_pb_column type=\u00a0\u00bb1_4&Prime; _builder_version=\u00a0\u00bb4.21.0&Prime; _module_preset=\u00a0\u00bbdefault\u00a0\u00bb global_colors_info=\u00a0\u00bb{}\u00a0\u00bb][et_pb_text _builder_version=\u00a0\u00bb4.21.0&Prime; _dynamic_attributes=\u00a0\u00bblink_option_url\u00a0\u00bb _module_preset=\u00a0\u00bbdefault\u00a0\u00bb text_font=\u00a0\u00bbRaleway||||||||\u00a0\u00bb text_font_size=\u00a0\u00bb14px\u00a0\u00bb header_4_font=\u00a0\u00bbRaleway||||||||\u00a0\u00bb header_4_text_align=\u00a0\u00bbcenter\u00a0\u00bb link_option_url=\u00a0\u00bb@ET-DC@eyJkeW5hbWljIjp0cnVlLCJjb250ZW50IjoicG9zdF9saW5rX3VybF9wYWdlIiwic2V0dGluZ3MiOnsicG9zdF9pZCI6IjE3MzEifX0=@\u00a0\u00bb global_colors_info=\u00a0\u00bb{}\u00a0\u00bb]<\/p>\n<p style=\"text-align: center;\">Einhaltung der DSGVO<\/p>\n<p>[\/et_pb_text][\/et_pb_column][\/et_pb_row][et_pb_row _builder_version=\u00a0\u00bb4.21.0&Prime; _module_preset=\u00a0\u00bbdefault\u00a0\u00bb global_colors_info=\u00a0\u00bb{}\u00a0\u00bb][et_pb_column type=\u00a0\u00bb4_4&Prime; _builder_version=\u00a0\u00bb4.21.0&Prime; _module_preset=\u00a0\u00bbdefault\u00a0\u00bb global_colors_info=\u00a0\u00bb{}\u00a0\u00bb][et_pb_text _builder_version=\u00a0\u00bb4.21.0&Prime; _module_preset=\u00a0\u00bbdefault\u00a0\u00bb text_font=\u00a0\u00bbRaleway||||||||\u00a0\u00bb text_font_size=\u00a0\u00bb14px\u00a0\u00bb header_4_font=\u00a0\u00bbRaleway||||||||\u00a0\u00bb header_4_text_align=\u00a0\u00bbcenter\u00a0\u00bb global_colors_info=\u00a0\u00bb{%22gcid-b199c97b-4bc0-42dc-9dc3-0d89cfa1e059%22:%91%22text_text_color%22,%22header_text_color%22,%22link_text_color%22%93}\u00a0\u00bb]<\/p>\n<p style=\"text-align: center;\"><span>\u00a9\u00a0<\/span><a href=\"http:\/\/regiotels.com\/\" target=\"_blank\" rel=\"noopener\">Regi\u00d4tels<\/a><span>\u00a0| All Rights Reserved<\/span><\/p>\n<p>[\/et_pb_text][\/et_pb_column][\/et_pb_row][\/et_pb_section]<\/p>","protected":false},"excerpt":{"rendered":"<p>Les parcours de golf les plus proches de Gevraise: &nbsp; &nbsp; 1. Golf de Bell\u00eame Distance: ~11 km Temps de trajet moyen: 15 minutes Type: Parcours 18 trous championnat + parcours compact 3 trous Description: Parcours sportif et technique au c\u0153ur du Parc Naturel R\u00e9gional du Perche, dominant un vaste paysage de collines et de [&hellip;]<\/p>","protected":false},"author":1,"featured_media":0,"parent":0,"menu_order":0,"comment_status":"closed","ping_status":"closed","template":"","meta":{"_et_pb_use_builder":"on","_et_pb_old_content":"","_et_gb_content_width":"","footnotes":""},"class_list":["post-2664","page","type-page","status-publish","hentry"],"_links":{"self":[{"href":"https:\/\/gevraise.com\/de\/wp-json\/wp\/v2\/pages\/2664","targetHints":{"allow":["GET"]}}],"collection":[{"href":"https:\/\/gevraise.com\/de\/wp-json\/wp\/v2\/pages"}],"about":[{"href":"https:\/\/gevraise.com\/de\/wp-json\/wp\/v2\/types\/page"}],"author":[{"embeddable":true,"href":"https:\/\/gevraise.com\/de\/wp-json\/wp\/v2\/users\/1"}],"replies":[{"embeddable":true,"href":"https:\/\/gevraise.com\/de\/wp-json\/wp\/v2\/comments?post=2664"}],"version-history":[{"count":4,"href":"https:\/\/gevraise.com\/de\/wp-json\/wp\/v2\/pages\/2664\/revisions"}],"predecessor-version":[{"id":2678,"href":"https:\/\/gevraise.com\/de\/wp-json\/wp\/v2\/pages\/2664\/revisions\/2678"}],"wp:attachment":[{"href":"https:\/\/gevraise.com\/de\/wp-json\/wp\/v2\/media?parent=2664"}],"curies":[{"name":"wp","href":"https:\/\/api.w.org\/{rel}","templated":true}]}}