{"id":1657,"date":"2024-10-28T05:53:20","date_gmt":"2024-10-28T05:53:20","guid":{"rendered":"https:\/\/gevraise.com\/?page_id=1657"},"modified":"2025-10-21T01:41:31","modified_gmt":"2025-10-21T01:41:31","slug":"salles-de-reception","status":"publish","type":"page","link":"https:\/\/gevraise.com\/de\/interieur\/salles-de-reception\/","title":{"rendered":"Empfangsr\u00e4ume"},"content":{"rendered":"<p>[et_pb_section fb_built=\u00a0\u00bb1&Prime; admin_label=\u00a0\u00bbHeader\u00a0\u00bb _builder_version=\u00a0\u00bb4.21.0&Prime; use_background_color_gradient=\u00a0\u00bbon\u00a0\u00bb background_color_gradient_type=\u00a0\u00bbcircular\u00a0\u00bb background_color_gradient_direction_radial=\u00a0\u00bbtop left\u00a0\u00bb background_color_gradient_stops=\u00a0\u00bbrgba(255,255,255,0.89) 30%|rgba(255,255,255,0) 80%\u00a0\u00bb background_color_gradient_overlays_image=\u00a0\u00bbon\u00a0\u00bb background_color_gradient_start=\u00a0\u00bbrgba(255,255,255,0.89)\u00a0\u00bb background_color_gradient_start_position=\u00a0\u00bb30%\u00a0\u00bb background_color_gradient_end=\u00a0\u00bbrgba(255,255,255,0)\u00a0\u00bb background_color_gradient_end_position=\u00a0\u00bb80%\u00a0\u00bb background_image=\u00a0\u00bbhttps:\/\/gevraise.com\/wp-content\/uploads\/2024\/10\/Gevraise-Photo-1-1.webp\u00a0\u00bb module_alignment=\u00a0\u00bbleft\u00a0\u00bb min_height=\u00a0\u00bb75vh\u00a0\u00bb min_height_tablet=\u00a0\u00bb50vh\u00a0\u00bb min_height_phone=\u00a0\u00bb50vh\u00a0\u00bb min_height_last_edited=\u00a0\u00bbon|tablet\u00a0\u00bb height=\u00a0\u00bb75vh\u00a0\u00bb height_tablet=\u00a0\u00bb50vh\u00a0\u00bb height_phone=\u00a0\u00bb50vh\u00a0\u00bb height_last_edited=\u00a0\u00bbon|phone\u00a0\u00bb max_height=\u00a0\u00bb75vh\u00a0\u00bb max_height_tablet=\u00a0\u00bb50vh\u00a0\u00bb max_height_phone=\u00a0\u00bb50vh\u00a0\u00bb max_height_last_edited=\u00a0\u00bbon|phone\u00a0\u00bb custom_padding=\u00a0\u00bb12vw|0px|0|0px|false|false\u00a0\u00bb module_alignment_tablet=\u00a0\u00bbleft\u00a0\u00bb module_alignment_phone=\u00a0\u00bbleft\u00a0\u00bb module_alignment_last_edited=\u00a0\u00bbon|phone\u00a0\u00bb global_colors_info=\u00a0\u00bb{}\u00a0\u00bb][et_pb_row _builder_version=\u00a0\u00bb4.16&Prime; global_colors_info=\u00a0\u00bb{}\u00a0\u00bb][et_pb_column type=\u00a0\u00bb4_4&Prime; _builder_version=\u00a0\u00bb4.16&Prime; custom_padding=\u00a0\u00bb|||\u00a0\u00bb global_colors_info=\u00a0\u00bb{}\u00a0\u00bb custom_padding__hover=\u00a0\u00bb|||\u00a0\u00bb][et_pb_text _builder_version=\u00a0\u00bb4.21.0&Prime; text_font=\u00a0\u00bbAraboto||||||||\u00a0\u00bb header_line_height=\u00a0\u00bb1em\u00a0\u00bb header_5_text_color=\u00a0\u00bbgcid-b199c97b-4bc0-42dc-9dc3-0d89cfa1e059&Prime; animation_style=\u00a0\u00bbzoom\u00a0\u00bb animation_intensity_zoom=\u00a0\u00bb5%\u00a0\u00bb header_line_height_tablet=\u00a0\u00bb3.5em\u00a0\u00bb header_line_height_phone=\u00a0\u00bb1.5em\u00a0\u00bb header_line_height_last_edited=\u00a0\u00bbon|phone\u00a0\u00bb global_colors_info=\u00a0\u00bb{%22gcid-b199c97b-4bc0-42dc-9dc3-0d89cfa1e059%22:%91%22header_5_text_color%22,%22header_5_text_color%22,%22header_5_text_color%22,%22header_5_text_color%22%93}\u00a0\u00bb]<\/p>\n<h1>Empfangsr\u00e4ume<\/h1>\n<p>[\/et_pb_text][\/et_pb_column][\/et_pb_row][\/et_pb_section][et_pb_section fb_built=\u00a0\u00bb1&Prime; admin_label=\u00a0\u00bbAbout Us\u00a0\u00bb module_id=\u00a0\u00bbpetit-salon\u00a0\u00bb _builder_version=\u00a0\u00bb4.21.0&Prime; background_color=\u00a0\u00bbgcid-0b1c429e-f61d-4890-b003-51b44ca52443&Prime; locked=\u00a0\u00bboff\u00a0\u00bb global_colors_info=\u00a0\u00bb{%22gcid-0b1c429e-f61d-4890-b003-51b44ca52443%22:%91%22background_color%22%93}\u00a0\u00bb][et_pb_row custom_padding_last_edited=\u00a0\u00bboff|desktop\u00a0\u00bb _builder_version=\u00a0\u00bb4.21.0&Prime; custom_padding=\u00a0\u00bb0px|0px|0|0px|false|false\u00a0\u00bb custom_padding_tablet=\u00a0\u00bb|0px||0px||true\u00a0\u00bb global_colors_info=\u00a0\u00bb{}\u00a0\u00bb][et_pb_column type=\u00a0\u00bb4_4&Prime; _builder_version=\u00a0\u00bb4.16&Prime; custom_padding=\u00a0\u00bb|||\u00a0\u00bb global_colors_info=\u00a0\u00bb{}\u00a0\u00bb custom_padding__hover=\u00a0\u00bb|||\u00a0\u00bb][et_pb_text _builder_version=\u00a0\u00bb4.21.0&Prime; text_font=\u00a0\u00bb||||||||\u00a0\u00bb text_line_height=\u00a0\u00bb2em\u00a0\u00bb header_font=\u00a0\u00bb||||||||\u00a0\u00bb header_2_font=\u00a0\u00bbRaleway|700|||||||\u00a0\u00bb header_2_font_size=\u00a0\u00bb50px\u00a0\u00bb header_2_line_height=\u00a0\u00bb1.2em\u00a0\u00bb header_6_font=\u00a0\u00bbRaleway|700||on|||||\u00a0\u00bb header_6_font_size=\u00a0\u00bb16px\u00a0\u00bb header_6_letter_spacing=\u00a0\u00bb5px\u00a0\u00bb header_6_line_height=\u00a0\u00bb1.8em\u00a0\u00bb max_width_last_edited=\u00a0\u00bboff|desktop\u00a0\u00bb header_2_font_size_tablet=\u00a0\u00bb35px\u00a0\u00bb header_2_font_size_phone=\u00a0\u00bb25px\u00a0\u00bb header_2_font_size_last_edited=\u00a0\u00bbon|phone\u00a0\u00bb locked=\u00a0\u00bboff\u00a0\u00bb global_colors_info=\u00a0\u00bb{}\u00a0\u00bb]<\/p>\n<h2 style=\"text-align: center;\">Kleines Wohnzimmer<\/h2>\n<p>[\/et_pb_text][\/et_pb_column][\/et_pb_row][et_pb_row _builder_version=\u00a0\u00bb4.21.0&Prime; _module_preset=\u00a0\u00bbdefault\u00a0\u00bb global_colors_info=\u00a0\u00bb{}\u00a0\u00bb][et_pb_column type=\u00a0\u00bb4_4&Prime; _builder_version=\u00a0\u00bb4.21.0&Prime; _module_preset=\u00a0\u00bbdefault\u00a0\u00bb global_colors_info=\u00a0\u00bb{}\u00a0\u00bb][et_pb_slider _builder_version=\u00a0\u00bb4.21.0&Prime; _module_preset=\u00a0\u00bbdefault\u00a0\u00bb height=\u00a0\u00bb500px\u00a0\u00bb height_tablet=\u00a0\u00bb30vh\u00a0\u00bb height_phone=\u00a0\u00bb30vh\u00a0\u00bb height_last_edited=\u00a0\u00bbon|tablet\u00a0\u00bb max_height=\u00a0\u00bb90vh\u00a0\u00bb max_height_tablet=\u00a0\u00bb30vh\u00a0\u00bb max_height_phone=\u00a0\u00bb30vh\u00a0\u00bb max_height_last_edited=\u00a0\u00bbon|phone\u00a0\u00bb animation_style=\u00a0\u00bbfade\u00a0\u00bb animation_delay=\u00a0\u00bb100ms\u00a0\u00bb auto=\u00a0\u00bbon\u00a0\u00bb auto_speed=\u00a0\u00bb5000&Prime; auto_ignore_hover=\u00a0\u00bbon\u00a0\u00bb global_colors_info=\u00a0\u00bb{}\u00a0\u00bb][et_pb_slide _builder_version=\u00a0\u00bb4.21.0&Prime; _module_preset=\u00a0\u00bbdefault\u00a0\u00bb background_image=\u00a0\u00bbhttps:\/\/gevraise.com\/wp-content\/uploads\/2025\/08\/Petit-Salon-Angle-2-scaled.webp\u00a0\u00bb background_enable_image=\u00a0\u00bbon\u00a0\u00bb global_colors_info=\u00a0\u00bb{}\u00a0\u00bb sticky_transition=\u00a0\u00bbon\u00a0\u00bb][\/et_pb_slide][et_pb_slide _builder_version=\u00a0\u00bb4.21.0&Prime; _module_preset=\u00a0\u00bbdefault\u00a0\u00bb background_image=\u00a0\u00bbhttps:\/\/gevraise.com\/wp-content\/uploads\/2025\/08\/Petit-Salon-Angle-1-scaled.webp\u00a0\u00bb background_enable_image=\u00a0\u00bbon\u00a0\u00bb global_colors_info=\u00a0\u00bb{}\u00a0\u00bb sticky_transition=\u00a0\u00bbon\u00a0\u00bb][\/et_pb_slide][\/et_pb_slider][\/et_pb_column][\/et_pb_row][\/et_pb_section][et_pb_section fb_built=\u00a0\u00bb1&Prime; admin_label=\u00a0\u00bbAbout Us\u00a0\u00bb module_id=\u00a0\u00bbsalle-a-manger\u00a0\u00bb _builder_version=\u00a0\u00bb4.21.0&Prime; background_color=\u00a0\u00bbgcid-0b1c429e-f61d-4890-b003-51b44ca52443&Prime; locked=\u00a0\u00bboff\u00a0\u00bb global_colors_info=\u00a0\u00bb{%22gcid-0b1c429e-f61d-4890-b003-51b44ca52443%22:%91%22background_color%22%93}\u00a0\u00bb][et_pb_row custom_padding_last_edited=\u00a0\u00bboff|desktop\u00a0\u00bb _builder_version=\u00a0\u00bb4.21.0&Prime; custom_padding=\u00a0\u00bb0px|0px|0|0px|false|false\u00a0\u00bb custom_padding_tablet=\u00a0\u00bb|0px||0px||true\u00a0\u00bb global_colors_info=\u00a0\u00bb{}\u00a0\u00bb][et_pb_column type=\u00a0\u00bb4_4&Prime; _builder_version=\u00a0\u00bb4.16&Prime; custom_padding=\u00a0\u00bb|||\u00a0\u00bb global_colors_info=\u00a0\u00bb{}\u00a0\u00bb custom_padding__hover=\u00a0\u00bb|||\u00a0\u00bb][et_pb_text _builder_version=\u00a0\u00bb4.21.0&Prime; text_font=\u00a0\u00bb||||||||\u00a0\u00bb text_line_height=\u00a0\u00bb2em\u00a0\u00bb header_font=\u00a0\u00bb||||||||\u00a0\u00bb header_2_font=\u00a0\u00bbRaleway|700|||||||\u00a0\u00bb header_2_font_size=\u00a0\u00bb50px\u00a0\u00bb header_2_line_height=\u00a0\u00bb1.2em\u00a0\u00bb header_6_font=\u00a0\u00bbRaleway|700||on|||||\u00a0\u00bb header_6_font_size=\u00a0\u00bb16px\u00a0\u00bb header_6_letter_spacing=\u00a0\u00bb5px\u00a0\u00bb header_6_line_height=\u00a0\u00bb1.8em\u00a0\u00bb max_width_last_edited=\u00a0\u00bboff|desktop\u00a0\u00bb header_2_font_size_tablet=\u00a0\u00bb35px\u00a0\u00bb header_2_font_size_phone=\u00a0\u00bb25px\u00a0\u00bb header_2_font_size_last_edited=\u00a0\u00bbon|phone\u00a0\u00bb locked=\u00a0\u00bboff\u00a0\u00bb global_colors_info=\u00a0\u00bb{}\u00a0\u00bb]<\/p>\n<h2 style=\"text-align: center;\">Fr\u00fchst\u00fccksraum<\/h2>\n<p>[\/et_pb_text][\/et_pb_column][\/et_pb_row][et_pb_row _builder_version=\u00a0\u00bb4.21.0&Prime; _module_preset=\u00a0\u00bbdefault\u00a0\u00bb global_colors_info=\u00a0\u00bb{}\u00a0\u00bb][et_pb_column type=\u00a0\u00bb4_4&Prime; _builder_version=\u00a0\u00bb4.21.0&Prime; _module_preset=\u00a0\u00bbdefault\u00a0\u00bb global_colors_info=\u00a0\u00bb{}\u00a0\u00bb][et_pb_slider _builder_version=\u00a0\u00bb4.21.0&Prime; _module_preset=\u00a0\u00bbdefault\u00a0\u00bb height=\u00a0\u00bb500px\u00a0\u00bb height_tablet=\u00a0\u00bb30vh\u00a0\u00bb height_phone=\u00a0\u00bb30vh\u00a0\u00bb height_last_edited=\u00a0\u00bbon|tablet\u00a0\u00bb max_height=\u00a0\u00bb90vh\u00a0\u00bb max_height_tablet=\u00a0\u00bb30vh\u00a0\u00bb max_height_phone=\u00a0\u00bb30vh\u00a0\u00bb max_height_last_edited=\u00a0\u00bbon|phone\u00a0\u00bb animation_style=\u00a0\u00bbfade\u00a0\u00bb animation_delay=\u00a0\u00bb100ms\u00a0\u00bb auto=\u00a0\u00bbon\u00a0\u00bb auto_speed=\u00a0\u00bb5000&Prime; auto_ignore_hover=\u00a0\u00bbon\u00a0\u00bb global_colors_info=\u00a0\u00bb{}\u00a0\u00bb][et_pb_slide _builder_version=\u00a0\u00bb4.21.0&Prime; _module_preset=\u00a0\u00bbdefault\u00a0\u00bb background_image=\u00a0\u00bbhttps:\/\/gevraise.com\/wp-content\/uploads\/2025\/10\/Breakfast-Room-Angle-1-scaled.jpg\u00a0\u00bb background_enable_image=\u00a0\u00bbon\u00a0\u00bb global_colors_info=\u00a0\u00bb{}\u00a0\u00bb sticky_transition=\u00a0\u00bbon\u00a0\u00bb][\/et_pb_slide][et_pb_slide _builder_version=\u00a0\u00bb4.21.0&Prime; _module_preset=\u00a0\u00bbdefault\u00a0\u00bb background_image=\u00a0\u00bbhttps:\/\/gevraise.com\/wp-content\/uploads\/2025\/10\/Breakfast-Room-Angle-2-scaled.jpg\u00a0\u00bb background_enable_image=\u00a0\u00bbon\u00a0\u00bb global_colors_info=\u00a0\u00bb{}\u00a0\u00bb sticky_transition=\u00a0\u00bbon\u00a0\u00bb][\/et_pb_slide][et_pb_slide _builder_version=\u00a0\u00bb4.21.0&Prime; _module_preset=\u00a0\u00bbdefault\u00a0\u00bb background_image=\u00a0\u00bbhttps:\/\/gevraise.com\/wp-content\/uploads\/2025\/10\/Breakfast-Room-Angle-3-scaled.jpg\u00a0\u00bb background_enable_image=\u00a0\u00bbon\u00a0\u00bb global_colors_info=\u00a0\u00bb{}\u00a0\u00bb sticky_transition=\u00a0\u00bbon\u00a0\u00bb][\/et_pb_slide][\/et_pb_slider][\/et_pb_column][\/et_pb_row][\/et_pb_section][et_pb_section fb_built=\u00a0\u00bb1&Prime; admin_label=\u00a0\u00bbAbout Us\u00a0\u00bb module_id=\u00a0\u00bbsalle-a-manger\u00a0\u00bb _builder_version=\u00a0\u00bb4.21.0&Prime; background_color=\u00a0\u00bbgcid-0b1c429e-f61d-4890-b003-51b44ca52443&Prime; locked=\u00a0\u00bboff\u00a0\u00bb global_colors_info=\u00a0\u00bb{%22gcid-0b1c429e-f61d-4890-b003-51b44ca52443%22:%91%22background_color%22%93}\u00a0\u00bb][et_pb_row custom_padding_last_edited=\u00a0\u00bboff|desktop\u00a0\u00bb _builder_version=\u00a0\u00bb4.21.0&Prime; custom_padding=\u00a0\u00bb0px|0px|0|0px|false|false\u00a0\u00bb custom_padding_tablet=\u00a0\u00bb|0px||0px||true\u00a0\u00bb global_colors_info=\u00a0\u00bb{}\u00a0\u00bb][et_pb_column type=\u00a0\u00bb4_4&Prime; _builder_version=\u00a0\u00bb4.16&Prime; custom_padding=\u00a0\u00bb|||\u00a0\u00bb global_colors_info=\u00a0\u00bb{}\u00a0\u00bb custom_padding__hover=\u00a0\u00bb|||\u00a0\u00bb][et_pb_text _builder_version=\u00a0\u00bb4.21.0&Prime; text_font=\u00a0\u00bb||||||||\u00a0\u00bb text_line_height=\u00a0\u00bb2em\u00a0\u00bb header_font=\u00a0\u00bb||||||||\u00a0\u00bb header_2_font=\u00a0\u00bbRaleway|700|||||||\u00a0\u00bb header_2_font_size=\u00a0\u00bb50px\u00a0\u00bb header_2_line_height=\u00a0\u00bb1.2em\u00a0\u00bb header_6_font=\u00a0\u00bbRaleway|700||on|||||\u00a0\u00bb header_6_font_size=\u00a0\u00bb16px\u00a0\u00bb header_6_letter_spacing=\u00a0\u00bb5px\u00a0\u00bb header_6_line_height=\u00a0\u00bb1.8em\u00a0\u00bb max_width_last_edited=\u00a0\u00bboff|desktop\u00a0\u00bb header_2_font_size_tablet=\u00a0\u00bb35px\u00a0\u00bb header_2_font_size_phone=\u00a0\u00bb25px\u00a0\u00bb header_2_font_size_last_edited=\u00a0\u00bbon|phone\u00a0\u00bb locked=\u00a0\u00bboff\u00a0\u00bb global_colors_info=\u00a0\u00bb{}\u00a0\u00bb]<\/p>\n<h2 style=\"text-align: center;\">Speisesaal<\/h2>\n<p>[\/et_pb_text][\/et_pb_column][\/et_pb_row][et_pb_row _builder_version=\u00a0\u00bb4.21.0&Prime; _module_preset=\u00a0\u00bbdefault\u00a0\u00bb global_colors_info=\u00a0\u00bb{}\u00a0\u00bb][et_pb_column type=\u00a0\u00bb4_4&Prime; _builder_version=\u00a0\u00bb4.21.0&Prime; _module_preset=\u00a0\u00bbdefault\u00a0\u00bb global_colors_info=\u00a0\u00bb{}\u00a0\u00bb][et_pb_slider _builder_version=\u00a0\u00bb4.21.0&Prime; _module_preset=\u00a0\u00bbdefault\u00a0\u00bb height=\u00a0\u00bb500px\u00a0\u00bb height_tablet=\u00a0\u00bb30vh\u00a0\u00bb height_phone=\u00a0\u00bb30vh\u00a0\u00bb height_last_edited=\u00a0\u00bbon|tablet\u00a0\u00bb max_height=\u00a0\u00bb90vh\u00a0\u00bb max_height_tablet=\u00a0\u00bb30vh\u00a0\u00bb max_height_phone=\u00a0\u00bb30vh\u00a0\u00bb max_height_last_edited=\u00a0\u00bbon|phone\u00a0\u00bb animation_style=\u00a0\u00bbfade\u00a0\u00bb animation_delay=\u00a0\u00bb100ms\u00a0\u00bb auto=\u00a0\u00bbon\u00a0\u00bb auto_speed=\u00a0\u00bb5000&Prime; auto_ignore_hover=\u00a0\u00bbon\u00a0\u00bb hover_enabled=\u00a0\u00bb0&Prime; global_colors_info=\u00a0\u00bb{}\u00a0\u00bb sticky_enabled=\u00a0\u00bb0&Prime;][et_pb_slide _builder_version=\u00a0\u00bb4.21.0&Prime; _module_preset=\u00a0\u00bbdefault\u00a0\u00bb background_image=\u00a0\u00bbhttps:\/\/gevraise.com\/wp-content\/uploads\/2025\/10\/Dining-Room-7-scaled.jpg\u00a0\u00bb background_enable_image=\u00a0\u00bbon\u00a0\u00bb hover_enabled=\u00a0\u00bb0&Prime; global_colors_info=\u00a0\u00bb{}\u00a0\u00bb sticky_transition=\u00a0\u00bbon\u00a0\u00bb title_text=\u00a0\u00bbDining Room 7&Prime; sticky_enabled=\u00a0\u00bb0&Prime;][\/et_pb_slide][et_pb_slide _builder_version=\u00a0\u00bb4.21.0&Prime; _module_preset=\u00a0\u00bbdefault\u00a0\u00bb background_image=\u00a0\u00bbhttps:\/\/gevraise.com\/wp-content\/uploads\/2025\/10\/Dining-Room-Angle-1-scaled.jpg\u00a0\u00bb background_enable_image=\u00a0\u00bbon\u00a0\u00bb hover_enabled=\u00a0\u00bb0&Prime; global_colors_info=\u00a0\u00bb{}\u00a0\u00bb sticky_transition=\u00a0\u00bbon\u00a0\u00bb title_text=\u00a0\u00bbDining Room Angle 1&Prime; sticky_enabled=\u00a0\u00bb0&Prime;][\/et_pb_slide][et_pb_slide _builder_version=\u00a0\u00bb4.21.0&Prime; _module_preset=\u00a0\u00bbdefault\u00a0\u00bb background_image=\u00a0\u00bbhttps:\/\/gevraise.com\/wp-content\/uploads\/2025\/10\/Dining-Room-Angle-3-scaled.jpg\u00a0\u00bb background_enable_image=\u00a0\u00bbon\u00a0\u00bb hover_enabled=\u00a0\u00bb0&Prime; global_colors_info=\u00a0\u00bb{}\u00a0\u00bb sticky_transition=\u00a0\u00bbon\u00a0\u00bb title_text=\u00a0\u00bbDining Room Angle 3&Prime; sticky_enabled=\u00a0\u00bb0&Prime;][\/et_pb_slide][\/et_pb_slider][\/et_pb_column][\/et_pb_row][\/et_pb_section][et_pb_section fb_built=\u00a0\u00bb1&Prime; admin_label=\u00a0\u00bbAbout Us\u00a0\u00bb module_id=\u00a0\u00bbgrand-salon\u00a0\u00bb _builder_version=\u00a0\u00bb4.21.0&Prime; background_color=\u00a0\u00bbgcid-0b1c429e-f61d-4890-b003-51b44ca52443&Prime; locked=\u00a0\u00bboff\u00a0\u00bb global_colors_info=\u00a0\u00bb{%22gcid-0b1c429e-f61d-4890-b003-51b44ca52443%22:%91%22background_color%22%93}\u00a0\u00bb][et_pb_row custom_padding_last_edited=\u00a0\u00bboff|desktop\u00a0\u00bb _builder_version=\u00a0\u00bb4.21.0&Prime; custom_padding=\u00a0\u00bb0px|0px|0|0px|false|false\u00a0\u00bb custom_padding_tablet=\u00a0\u00bb|0px||0px||true\u00a0\u00bb global_colors_info=\u00a0\u00bb{}\u00a0\u00bb][et_pb_column type=\u00a0\u00bb4_4&Prime; _builder_version=\u00a0\u00bb4.16&Prime; custom_padding=\u00a0\u00bb|||\u00a0\u00bb global_colors_info=\u00a0\u00bb{}\u00a0\u00bb custom_padding__hover=\u00a0\u00bb|||\u00a0\u00bb][et_pb_text _builder_version=\u00a0\u00bb4.21.0&Prime; text_font=\u00a0\u00bb||||||||\u00a0\u00bb text_line_height=\u00a0\u00bb2em\u00a0\u00bb header_font=\u00a0\u00bb||||||||\u00a0\u00bb header_2_font=\u00a0\u00bbRaleway|700|||||||\u00a0\u00bb header_2_font_size=\u00a0\u00bb50px\u00a0\u00bb header_2_line_height=\u00a0\u00bb1.2em\u00a0\u00bb header_6_font=\u00a0\u00bbRaleway|700||on|||||\u00a0\u00bb header_6_font_size=\u00a0\u00bb16px\u00a0\u00bb header_6_letter_spacing=\u00a0\u00bb5px\u00a0\u00bb header_6_line_height=\u00a0\u00bb1.8em\u00a0\u00bb max_width_last_edited=\u00a0\u00bboff|desktop\u00a0\u00bb header_2_font_size_tablet=\u00a0\u00bb35px\u00a0\u00bb header_2_font_size_phone=\u00a0\u00bb25px\u00a0\u00bb header_2_font_size_last_edited=\u00a0\u00bbon|phone\u00a0\u00bb locked=\u00a0\u00bboff\u00a0\u00bb global_colors_info=\u00a0\u00bb{}\u00a0\u00bb]<\/p>\n<h2 style=\"text-align: center;\">Gro\u00dfer Salon<\/h2>\n<p>[\/et_pb_text][\/et_pb_column][\/et_pb_row][et_pb_row _builder_version=\u00a0\u00bb4.21.0&Prime; _module_preset=\u00a0\u00bbdefault\u00a0\u00bb global_colors_info=\u00a0\u00bb{}\u00a0\u00bb][et_pb_column type=\u00a0\u00bb4_4&Prime; _builder_version=\u00a0\u00bb4.21.0&Prime; _module_preset=\u00a0\u00bbdefault\u00a0\u00bb global_colors_info=\u00a0\u00bb{}\u00a0\u00bb][et_pb_slider _builder_version=\u00a0\u00bb4.21.0&Prime; _module_preset=\u00a0\u00bbdefault\u00a0\u00bb height=\u00a0\u00bb500px\u00a0\u00bb height_tablet=\u00a0\u00bb30vh\u00a0\u00bb height_phone=\u00a0\u00bb30vh\u00a0\u00bb height_last_edited=\u00a0\u00bbon|tablet\u00a0\u00bb max_height=\u00a0\u00bb90vh\u00a0\u00bb max_height_tablet=\u00a0\u00bb30vh\u00a0\u00bb max_height_phone=\u00a0\u00bb30vh\u00a0\u00bb max_height_last_edited=\u00a0\u00bbon|phone\u00a0\u00bb animation_style=\u00a0\u00bbfade\u00a0\u00bb animation_delay=\u00a0\u00bb100ms\u00a0\u00bb auto=\u00a0\u00bbon\u00a0\u00bb auto_speed=\u00a0\u00bb5000&Prime; auto_ignore_hover=\u00a0\u00bbon\u00a0\u00bb global_colors_info=\u00a0\u00bb{}\u00a0\u00bb][et_pb_slide _builder_version=\u00a0\u00bb4.21.0&Prime; _module_preset=\u00a0\u00bbdefault\u00a0\u00bb background_image=\u00a0\u00bbhttps:\/\/gevraise.com\/wp-content\/uploads\/2024\/10\/0C2F9086-E45D-418E-B305-8E930A170D1B_1_102_o.jpeg\u00a0\u00bb background_enable_image=\u00a0\u00bbon\u00a0\u00bb hover_enabled=\u00a0\u00bb0&Prime; global_colors_info=\u00a0\u00bb{}\u00a0\u00bb sticky_transition=\u00a0\u00bbon\u00a0\u00bb sticky_enabled=\u00a0\u00bb0&Prime;][\/et_pb_slide][et_pb_slide _builder_version=\u00a0\u00bb4.21.0&Prime; _module_preset=\u00a0\u00bbdefault\u00a0\u00bb background_image=\u00a0\u00bbhttps:\/\/gevraise.com\/wp-content\/uploads\/2024\/10\/0DD47F6F-F77A-48A9-8327-FE4CC7BAD081_1_102_o.jpeg\u00a0\u00bb background_enable_image=\u00a0\u00bbon\u00a0\u00bb global_colors_info=\u00a0\u00bb{}\u00a0\u00bb sticky_transition=\u00a0\u00bbon\u00a0\u00bb][\/et_pb_slide][et_pb_slide _builder_version=\u00a0\u00bb4.21.0&Prime; _module_preset=\u00a0\u00bbdefault\u00a0\u00bb background_image=\u00a0\u00bbhttps:\/\/gevraise.com\/wp-content\/uploads\/2024\/10\/188238E9-B142-4A97-8B03-8877068F2508_1_102_o.jpeg\u00a0\u00bb background_enable_image=\u00a0\u00bbon\u00a0\u00bb global_colors_info=\u00a0\u00bb{}\u00a0\u00bb sticky_transition=\u00a0\u00bbon\u00a0\u00bb][\/et_pb_slide][et_pb_slide _builder_version=\u00a0\u00bb4.21.0&Prime; _module_preset=\u00a0\u00bbdefault\u00a0\u00bb background_image=\u00a0\u00bbhttps:\/\/gevraise.com\/wp-content\/uploads\/2024\/10\/A899B8E6-541B-4B10-826E-0F56D45DC81A_1_102_o.jpeg\u00a0\u00bb background_enable_image=\u00a0\u00bbon\u00a0\u00bb global_colors_info=\u00a0\u00bb{}\u00a0\u00bb sticky_transition=\u00a0\u00bbon\u00a0\u00bb][\/et_pb_slide][\/et_pb_slider][\/et_pb_column][\/et_pb_row][\/et_pb_section]<\/p>","protected":false},"excerpt":{"rendered":"<p>Salles de r\u00e9ceptionPetit SalonSalle de petit-d\u00e9jeunerSalle \u00e0 mangerGrand Salon<\/p>","protected":false},"author":1,"featured_media":0,"parent":1529,"menu_order":0,"comment_status":"closed","ping_status":"closed","template":"","meta":{"_et_pb_use_builder":"on","_et_pb_old_content":"","_et_gb_content_width":"","footnotes":""},"class_list":["post-1657","page","type-page","status-publish","hentry"],"_links":{"self":[{"href":"https:\/\/gevraise.com\/de\/wp-json\/wp\/v2\/pages\/1657","targetHints":{"allow":["GET"]}}],"collection":[{"href":"https:\/\/gevraise.com\/de\/wp-json\/wp\/v2\/pages"}],"about":[{"href":"https:\/\/gevraise.com\/de\/wp-json\/wp\/v2\/types\/page"}],"author":[{"embeddable":true,"href":"https:\/\/gevraise.com\/de\/wp-json\/wp\/v2\/users\/1"}],"replies":[{"embeddable":true,"href":"https:\/\/gevraise.com\/de\/wp-json\/wp\/v2\/comments?post=1657"}],"version-history":[{"count":13,"href":"https:\/\/gevraise.com\/de\/wp-json\/wp\/v2\/pages\/1657\/revisions"}],"predecessor-version":[{"id":2539,"href":"https:\/\/gevraise.com\/de\/wp-json\/wp\/v2\/pages\/1657\/revisions\/2539"}],"up":[{"embeddable":true,"href":"https:\/\/gevraise.com\/de\/wp-json\/wp\/v2\/pages\/1529"}],"wp:attachment":[{"href":"https:\/\/gevraise.com\/de\/wp-json\/wp\/v2\/media?parent=1657"}],"curies":[{"name":"wp","href":"https:\/\/api.w.org\/{rel}","templated":true}]}}